{"id":295,"date":"2024-11-16T14:27:47","date_gmt":"2024-11-16T14:27:47","guid":{"rendered":"https:\/?page_id=295"},"modified":"2024-11-16T14:27:47","modified_gmt":"2024-11-16T14:27:47","slug":"czas-realizacji-zamowienia","status":"publish","type":"page","link":"https:\/\/moonce.pl\/index.php\/czas-realizacji-zamowienia\/","title":{"rendered":"Czas Realizacji Zam\u00f3wienia"},"content":{"rendered":"\n<p>Dok\u0142adamy wszelkich stara\u0144, aby Twoje zam\u00f3wienie zosta\u0142o zrealizowane jak najszybciej. Oto szczeg\u00f3\u0142y dotycz\u0105ce procesu realizacji zam\u00f3wienia:<\/p>\n\n\n\n<ol class=\"wp-block-list\">\n<li><strong>Czas przetwarzania zam\u00f3wienia<\/strong><br>Po z\u0142o\u017ceniu zam\u00f3wienia, je\u015bli p\u0142atno\u015b\u0107 zosta\u0142a dokonana online lub za pomoc\u0105 przelewu bankowego, zam\u00f3wienie jest zazwyczaj przetwarzane w ci\u0105gu <strong>1\u20132 dni roboczych<\/strong>. W przypadku p\u0142atno\u015bci przy odbiorze zam\u00f3wienie jest realizowane niezw\u0142ocznie po jego z\u0142o\u017ceniu.<\/li>\n\n\n\n<li><strong>Czas wysy\u0142ki<\/strong><br>Po przetworzeniu zam\u00f3wienia, towar zostaje przekazany do wysy\u0142ki. Czas dostawy zale\u017cy od wybranej formy dostawy:\n<ul class=\"wp-block-list\">\n<li><strong>Kurier<\/strong>: 1\u20133 dni robocze<\/li>\n\n\n\n<li><strong>Paczkomaty<\/strong>: 1\u20132 dni robocze<\/li>\n<\/ul>\n<\/li>\n\n\n\n<li><strong>Ca\u0142kowity czas realizacji zam\u00f3wienia<\/strong><br>Zwykle ca\u0142kowity czas realizacji zam\u00f3wienia, czyli czas od z\u0142o\u017cenia zam\u00f3wienia do dostarczenia paczki, wynosi od <strong>2 do 5 dni roboczych<\/strong> (w zale\u017cno\u015bci od dost\u0119pno\u015bci towaru i metody p\u0142atno\u015bci).<\/li>\n\n\n\n<li><strong>Op\u00f3\u017anienia<\/strong><br>W wyj\u0105tkowych przypadkach, np. podczas akcji promocyjnych czy okres\u00f3w wzmo\u017conego ruchu (np. \u015bwi\u0119ta, Black Friday), czas realizacji mo\u017ce si\u0119 wyd\u0142u\u017cy\u0107. O wszelkich op\u00f3\u017anieniach b\u0119dziemy informowa\u0107 na bie\u017c\u0105co.<\/li>\n<\/ol>\n","protected":false},"excerpt":{"rendered":"<p>Dok\u0142adamy wszelkich stara\u0144, aby Twoje zam\u00f3wienie zosta\u0142o zrealizowane jak najszybciej. Oto szczeg\u00f3\u0142y dotycz\u0105ce procesu realizacji zam\u00f3wienia:<\/p>\n","protected":false},"author":1,"featured_media":0,"parent":0,"menu_order":0,"comment_status":"closed","ping_status":"closed","template":"","meta":{"_kad_post_transparent":"","_kad_post_title":"","_kad_post_layout":"","_kad_post_sidebar_id":"","_kad_post_content_style":"","_kad_post_vertical_padding":"","_kad_post_feature":"","_kad_post_feature_position":"","_kad_post_header":false,"_kad_post_footer":false,"footnotes":""},"class_list":["post-295","page","type-page","status-publish","hentry"],"_links":{"self":[{"href":"https:\/\/moonce.pl\/index.php\/wp-json\/wp\/v2\/pages\/295","targetHints":{"allow":["GET"]}}],"collection":[{"href":"https:\/\/moonce.pl\/index.php\/wp-json\/wp\/v2\/pages"}],"about":[{"href":"https:\/\/moonce.pl\/index.php\/wp-json\/wp\/v2\/types\/page"}],"author":[{"embeddable":true,"href":"https:\/\/moonce.pl\/index.php\/wp-json\/wp\/v2\/users\/1"}],"replies":[{"embeddable":true,"href":"https:\/\/moonce.pl\/index.php\/wp-json\/wp\/v2\/comments?post=295"}],"version-history":[{"count":1,"href":"https:\/\/moonce.pl\/index.php\/wp-json\/wp\/v2\/pages\/295\/revisions"}],"predecessor-version":[{"id":296,"href":"https:\/\/moonce.pl\/index.php\/wp-json\/wp\/v2\/pages\/295\/revisions\/296"}],"wp:attachment":[{"href":"https:\/\/moonce.pl\/index.php\/wp-json\/wp\/v2\/media?parent=295"}],"curies":[{"name":"wp","href":"https:\/\/api.w.org\/{rel}","templated":true}]}}