{"id":299,"date":"2024-11-16T14:28:56","date_gmt":"2024-11-16T14:28:56","guid":{"rendered":"https:\/?page_id=299"},"modified":"2024-11-16T14:28:56","modified_gmt":"2024-11-16T14:28:56","slug":"jak-kupowac","status":"publish","type":"page","link":"https:\/\/moonce.pl\/index.php\/jak-kupowac\/","title":{"rendered":"Jak kupowa\u0107?"},"content":{"rendered":"\n<p>Zakupy w naszym sklepie internetowym s\u0105 szybkie i \u0142atwe! Post\u0119puj zgodnie z poni\u017cszymi krokami, aby z\u0142o\u017cy\u0107 zam\u00f3wienie:<\/p>\n\n\n\n<h4 class=\"wp-block-heading\">Krok 1: Wybierz produkty<\/h4>\n\n\n\n<p>Przegl\u0105daj nasz\u0105 ofert\u0119 produkt\u00f3w, wybieraj\u0105c te, kt\u00f3re Ci\u0119 interesuj\u0105. Kliknij na interesuj\u0105cy Ci\u0119 produkt, aby pozna\u0107 szczeg\u00f3\u0142y, a nast\u0119pnie dodaj go do koszyka, klikaj\u0105c przycisk \u201eDodaj do koszyka\u201d.<\/p>\n\n\n\n<h4 class=\"wp-block-heading\">Krok 2: Przejd\u017a do koszyka<\/h4>\n\n\n\n<p>Po dodaniu produkt\u00f3w do koszyka kliknij ikon\u0119 koszyka w prawym g\u00f3rnym rogu strony, aby przej\u015b\u0107 do podsumowania zam\u00f3wienia.<\/p>\n\n\n\n<h4 class=\"wp-block-heading\">Krok 3: Z\u0142\u00f3\u017c zam\u00f3wienie<\/h4>\n\n\n\n<p>W koszyku sprawd\u017a, czy wybrane produkty s\u0105 poprawne, a tak\u017ce wybierz metod\u0119 dostawy i p\u0142atno\u015bci. Je\u015bli wszystko si\u0119 zgadza, kliknij \u201ePrzejd\u017a do kasy\u201d.<\/p>\n\n\n\n<h4 class=\"wp-block-heading\">Krok 4: Wprowad\u017a dane<\/h4>\n\n\n\n<p>Aby doko\u0144czy\u0107 zakupy, wprowad\u017a swoje dane kontaktowe, adres dostawy oraz dane do faktury (je\u015bli s\u0105 wymagane). Zarejestruj si\u0119 na stronie, je\u015bli chcesz mie\u0107 dost\u0119p do historii zam\u00f3wie\u0144, lub zam\u00f3w jako go\u015b\u0107.<\/p>\n\n\n\n<h4 class=\"wp-block-heading\">Krok 5: Wybierz metod\u0119 p\u0142atno\u015bci<\/h4>\n\n\n\n<p>Wybierz dogodn\u0105 dla siebie metod\u0119 p\u0142atno\u015bci, tak\u0105 jak przelew bankowy, p\u0142atno\u015b\u0107 online, karta kredytowa lub p\u0142atno\u015b\u0107 przy odbiorze.<\/p>\n\n\n\n<h4 class=\"wp-block-heading\">Krok 6: Zako\u0144cz zakupy<\/h4>\n\n\n\n<p>Po dokonaniu p\u0142atno\u015bci lub wyborze p\u0142atno\u015bci za pobraniem, potwierd\u017a zam\u00f3wienie. Otrzymasz e-mail z potwierdzeniem z\u0142o\u017cenia zam\u00f3wienia oraz informacjami o statusie.<\/p>\n\n\n\n<h4 class=\"wp-block-heading\">Krok 7: Oczekuj na dostaw\u0119<\/h4>\n\n\n\n<p>Po wys\u0142aniu zam\u00f3wienia otrzymasz numer \u015bledzenia paczki, aby\u015b m\u00f3g\u0142 na bie\u017c\u0105co sprawdza\u0107, gdzie znajduje si\u0119 Twoja przesy\u0142ka. Czas dostawy zale\u017cy od wybranej metody wysy\u0142ki, zazwyczaj to 1-3 dni robocze.<\/p>\n","protected":false},"excerpt":{"rendered":"<p>Zakupy w naszym sklepie internetowym s\u0105 szybkie i \u0142atwe! Post\u0119puj zgodnie z poni\u017cszymi krokami, aby z\u0142o\u017cy\u0107 zam\u00f3wienie: Krok 1: Wybierz produkty Przegl\u0105daj nasz\u0105 ofert\u0119 produkt\u00f3w, wybieraj\u0105c te, kt\u00f3re Ci\u0119 interesuj\u0105. Kliknij na interesuj\u0105cy Ci\u0119 produkt, aby pozna\u0107 szczeg\u00f3\u0142y, a nast\u0119pnie dodaj go do koszyka, klikaj\u0105c przycisk \u201eDodaj do koszyka\u201d. Krok 2: Przejd\u017a do koszyka Po&#8230;<\/p>\n","protected":false},"author":1,"featured_media":0,"parent":0,"menu_order":0,"comment_status":"closed","ping_status":"closed","template":"","meta":{"_kad_post_transparent":"","_kad_post_title":"","_kad_post_layout":"","_kad_post_sidebar_id":"","_kad_post_content_style":"","_kad_post_vertical_padding":"","_kad_post_feature":"","_kad_post_feature_position":"","_kad_post_header":false,"_kad_post_footer":false,"footnotes":""},"class_list":["post-299","page","type-page","status-publish","hentry"],"_links":{"self":[{"href":"https:\/\/moonce.pl\/index.php\/wp-json\/wp\/v2\/pages\/299","targetHints":{"allow":["GET"]}}],"collection":[{"href":"https:\/\/moonce.pl\/index.php\/wp-json\/wp\/v2\/pages"}],"about":[{"href":"https:\/\/moonce.pl\/index.php\/wp-json\/wp\/v2\/types\/page"}],"author":[{"embeddable":true,"href":"https:\/\/moonce.pl\/index.php\/wp-json\/wp\/v2\/users\/1"}],"replies":[{"embeddable":true,"href":"https:\/\/moonce.pl\/index.php\/wp-json\/wp\/v2\/comments?post=299"}],"version-history":[{"count":1,"href":"https:\/\/moonce.pl\/index.php\/wp-json\/wp\/v2\/pages\/299\/revisions"}],"predecessor-version":[{"id":300,"href":"https:\/\/moonce.pl\/index.php\/wp-json\/wp\/v2\/pages\/299\/revisions\/300"}],"wp:attachment":[{"href":"https:\/\/moonce.pl\/index.php\/wp-json\/wp\/v2\/media?parent=299"}],"curies":[{"name":"wp","href":"https:\/\/api.w.org\/{rel}","templated":true}]}}