{"id":302,"date":"2024-11-16T14:33:04","date_gmt":"2024-11-16T14:33:04","guid":{"rendered":"https:\/?page_id=302"},"modified":"2025-02-22T09:10:19","modified_gmt":"2025-02-22T09:10:19","slug":"o-firmie","status":"publish","type":"page","link":"https:\/\/moonce.pl\/index.php\/o-firmie\/","title":{"rendered":"O Firmie"},"content":{"rendered":"\t\t<div data-elementor-type=\"wp-page\" data-elementor-id=\"302\" class=\"elementor elementor-302\">\n\t\t\t\t<div class=\"elementor-element elementor-element-c7490a6 e-flex e-con-boxed e-con e-parent\" data-id=\"c7490a6\" data-element_type=\"container\" data-e-type=\"container\">\n\t\t\t\t\t<div class=\"e-con-inner\">\n\t\t<div class=\"elementor-element elementor-element-24b8baa e-con-full e-flex e-con e-child\" data-id=\"24b8baa\" data-element_type=\"container\" data-e-type=\"container\">\n\t\t\t\t<div class=\"elementor-element elementor-element-6cd2b47 elementor-widget elementor-widget-image\" data-id=\"6cd2b47\" data-element_type=\"widget\" data-e-type=\"widget\" data-widget_type=\"image.default\">\n\t\t\t\t<div class=\"elementor-widget-container\">\n\t\t\t\t\t\t\t\t\t\t\t\t\t\t\t<img fetchpriority=\"high\" decoding=\"async\" width=\"1024\" height=\"768\" src=\"https:\/\/moonce.pl\/wp-content\/uploads\/2025\/02\/Zdjecie-WhatsApp-2025-02-22-o-09.55.18_a98e008b-1024x768.jpg\" class=\"attachment-large size-large wp-image-1317\" alt=\"\" srcset=\"https:\/\/moonce.pl\/wp-content\/uploads\/2025\/02\/Zdjecie-WhatsApp-2025-02-22-o-09.55.18_a98e008b-1024x768.jpg 1024w, https:\/\/moonce.pl\/wp-content\/uploads\/2025\/02\/Zdjecie-WhatsApp-2025-02-22-o-09.55.18_a98e008b-300x225.jpg 300w, https:\/\/moonce.pl\/wp-content\/uploads\/2025\/02\/Zdjecie-WhatsApp-2025-02-22-o-09.55.18_a98e008b-768x576.jpg 768w, https:\/\/moonce.pl\/wp-content\/uploads\/2025\/02\/Zdjecie-WhatsApp-2025-02-22-o-09.55.18_a98e008b-1536x1152.jpg 1536w, https:\/\/moonce.pl\/wp-content\/uploads\/2025\/02\/Zdjecie-WhatsApp-2025-02-22-o-09.55.18_a98e008b-600x450.jpg 600w, https:\/\/moonce.pl\/wp-content\/uploads\/2025\/02\/Zdjecie-WhatsApp-2025-02-22-o-09.55.18_a98e008b.jpg 2048w\" sizes=\"(max-width: 1024px) 100vw, 1024px\" \/>\t\t\t\t\t\t\t\t\t\t\t\t\t\t\t<\/div>\n\t\t\t\t<\/div>\n\t\t\t\t<\/div>\n\t\t<div class=\"elementor-element elementor-element-b48a6ca e-con-full e-flex e-con e-child\" data-id=\"b48a6ca\" data-element_type=\"container\" data-e-type=\"container\">\n\t\t\t\t<div class=\"elementor-element elementor-element-74248fe elementor-widget elementor-widget-image\" data-id=\"74248fe\" data-element_type=\"widget\" data-e-type=\"widget\" data-widget_type=\"image.default\">\n\t\t\t\t<div class=\"elementor-widget-container\">\n\t\t\t\t\t\t\t\t\t\t\t\t\t\t\t<img decoding=\"async\" width=\"1024\" height=\"768\" src=\"https:\/\/moonce.pl\/wp-content\/uploads\/2025\/02\/Zdjecie-WhatsApp-2025-02-22-o-09.55.17_2055f527-1024x768.jpg\" class=\"attachment-large size-large wp-image-1318\" alt=\"\" srcset=\"https:\/\/moonce.pl\/wp-content\/uploads\/2025\/02\/Zdjecie-WhatsApp-2025-02-22-o-09.55.17_2055f527-1024x768.jpg 1024w, https:\/\/moonce.pl\/wp-content\/uploads\/2025\/02\/Zdjecie-WhatsApp-2025-02-22-o-09.55.17_2055f527-300x225.jpg 300w, https:\/\/moonce.pl\/wp-content\/uploads\/2025\/02\/Zdjecie-WhatsApp-2025-02-22-o-09.55.17_2055f527-768x576.jpg 768w, https:\/\/moonce.pl\/wp-content\/uploads\/2025\/02\/Zdjecie-WhatsApp-2025-02-22-o-09.55.17_2055f527-1536x1152.jpg 1536w, https:\/\/moonce.pl\/wp-content\/uploads\/2025\/02\/Zdjecie-WhatsApp-2025-02-22-o-09.55.17_2055f527-600x450.jpg 600w, https:\/\/moonce.pl\/wp-content\/uploads\/2025\/02\/Zdjecie-WhatsApp-2025-02-22-o-09.55.17_2055f527.jpg 2048w\" sizes=\"(max-width: 1024px) 100vw, 1024px\" \/>\t\t\t\t\t\t\t\t\t\t\t\t\t\t\t<\/div>\n\t\t\t\t<\/div>\n\t\t\t\t<\/div>\n\t\t\t\t\t<\/div>\n\t\t\t\t<\/div>\n\t\t<div class=\"elementor-element elementor-element-22441c4 e-flex e-con-boxed e-con e-parent\" data-id=\"22441c4\" data-element_type=\"container\" data-e-type=\"container\">\n\t\t\t\t\t<div class=\"e-con-inner\">\n\t\t<div class=\"elementor-element elementor-element-fd156fd e-con-full e-flex e-con e-child\" data-id=\"fd156fd\" data-element_type=\"container\" data-e-type=\"container\">\n\t\t\t\t<div class=\"elementor-element elementor-element-5435fd0 elementor-widget elementor-widget-video\" data-id=\"5435fd0\" data-element_type=\"widget\" data-e-type=\"widget\" data-settings=\"{&quot;video_type&quot;:&quot;hosted&quot;,&quot;mute&quot;:&quot;yes&quot;,&quot;controls&quot;:&quot;yes&quot;}\" data-widget_type=\"video.default\">\n\t\t\t\t<div class=\"elementor-widget-container\">\n\t\t\t\t\t\t\t<div class=\"e-hosted-video elementor-wrapper elementor-open-inline\">\n\t\t\t\t\t<video class=\"elementor-video\" src=\"http:\/\/pizamania.com\/wp-content\/uploads\/2025\/02\/Wideo-WhatsApp-2025-02-22-o-09.55.14_365061b6.mp4\" controls=\"\" preload=\"metadata\" muted=\"muted\" controlsList=\"nodownload\"><\/video>\n\t\t\t\t<\/div>\n\t\t\t\t\t\t<\/div>\n\t\t\t\t<\/div>\n\t\t\t\t<\/div>\n\t\t\t\t\t<\/div>\n\t\t\t\t<\/div>\n\t\t<div class=\"elementor-element elementor-element-3ae06e46 e-flex e-con-boxed e-con e-parent\" data-id=\"3ae06e46\" data-element_type=\"container\" data-e-type=\"container\">\n\t\t\t\t\t<div class=\"e-con-inner\">\n\t\t\t\t<div class=\"elementor-element elementor-element-69c475a2 elementor-widget elementor-widget-text-editor\" data-id=\"69c475a2\" data-element_type=\"widget\" data-e-type=\"widget\" data-widget_type=\"text-editor.default\">\n\t\t\t\t<div class=\"elementor-widget-container\">\n\t\t\t\t\t\t\t\t\t\n<p><strong>Nasza firma Moonce jest obecna na polskim rynku od 2010 roku, nieprzerwanie d\u0105\u017c\u0105c do doskona\u0142o\u015bci i wysokiej jako\u015bci. Zbudowana na solidnych fundamentach, nasza marka sta\u0142a si\u0119 synonimem niezawodno\u015bci i innowacyjno\u015bci. W ci\u0105gu lat zyskali\u015bmy zaufanie wielu klient\u00f3w, a nasza obecno\u015b\u0107 na rynku hurtowym dynamicznie ro\u015bnie. Z ka\u017cdym dniem, dzi\u0119ki zaanga\u017cowaniu naszego wykwalifikowanego zespo\u0142u, stajemy si\u0119 silniejsi i coraz bardziej rozpoznawalni. Moonce to firma, kt\u00f3ra nie tylko spe\u0142nia oczekiwania, ale je przewy\u017csza, dostarczaj\u0105c produkty najwy\u017cszej jako\u015bci i w pe\u0142ni dostosowane do potrzeb rynku.<\/strong><\/p>\n\n\n\n<p><strong>B\u0119dziemy kontynuowa\u0107 nasz\u0105 misj\u0119, oferuj\u0105c Pa\u0144stwu produkty, kt\u00f3re wyr\u00f3\u017cniaj\u0105 si\u0119 trwa\u0142o\u015bci\u0105, funkcjonalno\u015bci\u0105 i estetyk\u0105, a tak\u017ce rozwijaj\u0105c nasz\u0105 ofert\u0119 w odpowiedzi na zmieniaj\u0105ce si\u0119 potrzeby rynku.<\/strong><\/p>\n\n\n\n<p><\/p>\n\t\t\t\t\t\t\t\t<\/div>\n\t\t\t\t<\/div>\n\t\t\t\t\t<\/div>\n\t\t\t\t<\/div>\n\t\t\t\t<\/div>\n\t\t","protected":false},"excerpt":{"rendered":"<p>http:\/\/pizamania.com\/wp-content\/uploads\/2025\/02\/Wideo-WhatsApp-2025-02-22-o-09.55.14_365061b6.mp4 Nasza firma Moonce jest obecna na polskim rynku od 2010 roku, nieprzerwanie d\u0105\u017c\u0105c do doskona\u0142o\u015bci i wysokiej jako\u015bci. Zbudowana na solidnych fundamentach, nasza marka sta\u0142a si\u0119 synonimem niezawodno\u015bci i innowacyjno\u015bci. W ci\u0105gu lat zyskali\u015bmy zaufanie wielu klient\u00f3w, a nasza obecno\u015b\u0107 na rynku hurtowym dynamicznie ro\u015bnie. Z ka\u017cdym dniem, dzi\u0119ki zaanga\u017cowaniu naszego wykwalifikowanego zespo\u0142u, stajemy&#8230;<\/p>\n","protected":false},"author":1,"featured_media":0,"parent":0,"menu_order":0,"comment_status":"closed","ping_status":"closed","template":"","meta":{"_kad_post_transparent":"","_kad_post_title":"","_kad_post_layout":"","_kad_post_sidebar_id":"","_kad_post_content_style":"","_kad_post_vertical_padding":"","_kad_post_feature":"","_kad_post_feature_position":"","_kad_post_header":false,"_kad_post_footer":false,"footnotes":""},"class_list":["post-302","page","type-page","status-publish","hentry"],"_links":{"self":[{"href":"https:\/\/moonce.pl\/index.php\/wp-json\/wp\/v2\/pages\/302","targetHints":{"allow":["GET"]}}],"collection":[{"href":"https:\/\/moonce.pl\/index.php\/wp-json\/wp\/v2\/pages"}],"about":[{"href":"https:\/\/moonce.pl\/index.php\/wp-json\/wp\/v2\/types\/page"}],"author":[{"embeddable":true,"href":"https:\/\/moonce.pl\/index.php\/wp-json\/wp\/v2\/users\/1"}],"replies":[{"embeddable":true,"href":"https:\/\/moonce.pl\/index.php\/wp-json\/wp\/v2\/comments?post=302"}],"version-history":[{"count":17,"href":"https:\/\/moonce.pl\/index.php\/wp-json\/wp\/v2\/pages\/302\/revisions"}],"predecessor-version":[{"id":1336,"href":"https:\/\/moonce.pl\/index.php\/wp-json\/wp\/v2\/pages\/302\/revisions\/1336"}],"wp:attachment":[{"href":"https:\/\/moonce.pl\/index.php\/wp-json\/wp\/v2\/media?parent=302"}],"curies":[{"name":"wp","href":"https:\/\/api.w.org\/{rel}","templated":true}]}}