{"id":2303,"date":"2025-11-06T12:32:36","date_gmt":"2025-11-06T12:32:36","guid":{"rendered":"https:\/\/moonce.pl\/?post_type=product&#038;p=2303"},"modified":"2025-11-06T12:33:23","modified_gmt":"2025-11-06T12:33:23","slug":"pizama-meska-rozpinane-bawelna-big","status":"publish","type":"product","link":"https:\/\/moonce.pl\/index.php\/produkt\/pizama-meska-rozpinane-bawelna-big\/","title":{"rendered":"Pi\u017cama m\u0119ska rozpinane bawe\u0142na Big"},"content":{"rendered":"<h6>Wyprodukowano w turcji<br \/>\nOpakowanie 6 szt.<br \/>\nRozmiary: 3XL-5XL<br \/>\nBawe\u0142na<br \/>\nW paczce jest mix kolor<\/h6>\n","protected":false},"excerpt":{"rendered":"<p>Wyprodukowano w turcji Opakowanie 6 szt. Rozmiary: 3XL-5XL Bawe\u0142na W paczce jest mix kolor<\/p>\n","protected":false},"featured_media":2304,"comment_status":"open","ping_status":"closed","template":"","meta":{"_kad_post_transparent":"default","_kad_post_title":"","_kad_post_layout":"default","_kad_post_sidebar_id":"","_kad_post_content_style":"default","_kad_post_vertical_padding":"default","_kad_post_feature":"","_kad_post_feature_position":"","_kad_post_header":false,"_kad_post_footer":false},"product_brand":[],"product_cat":[24],"product_tag":[],"class_list":{"0":"post-2303","1":"product","2":"type-product","3":"status-publish","4":"has-post-thumbnail","6":"product_cat-pizamy-meskie-dlugie-spodnie","8":"first","9":"instock","10":"taxable","11":"shipping-taxable","12":"purchasable","13":"product-type-simple","14":"entry","15":"content-bg","16":"loop-entry"},"_links":{"self":[{"href":"https:\/\/moonce.pl\/index.php\/wp-json\/wp\/v2\/product\/2303","targetHints":{"allow":["GET"]}}],"collection":[{"href":"https:\/\/moonce.pl\/index.php\/wp-json\/wp\/v2\/product"}],"about":[{"href":"https:\/\/moonce.pl\/index.php\/wp-json\/wp\/v2\/types\/product"}],"replies":[{"embeddable":true,"href":"https:\/\/moonce.pl\/index.php\/wp-json\/wp\/v2\/comments?post=2303"}],"wp:featuredmedia":[{"embeddable":true,"href":"https:\/\/moonce.pl\/index.php\/wp-json\/wp\/v2\/media\/2304"}],"wp:attachment":[{"href":"https:\/\/moonce.pl\/index.php\/wp-json\/wp\/v2\/media?parent=2303"}],"wp:term":[{"taxonomy":"product_brand","embeddable":true,"href":"https:\/\/moonce.pl\/index.php\/wp-json\/wp\/v2\/product_brand?post=2303"},{"taxonomy":"product_cat","embeddable":true,"href":"https:\/\/moonce.pl\/index.php\/wp-json\/wp\/v2\/product_cat?post=2303"},{"taxonomy":"product_tag","embeddable":true,"href":"https:\/\/moonce.pl\/index.php\/wp-json\/wp\/v2\/product_tag?post=2303"}],"curies":[{"name":"wp","href":"https:\/\/api.w.org\/{rel}","templated":true}]}}