{"id":2329,"date":"2025-11-07T11:08:05","date_gmt":"2025-11-07T11:08:05","guid":{"rendered":"https:\/\/moonce.pl\/?post_type=product&#038;p=2329"},"modified":"2025-11-07T11:08:24","modified_gmt":"2025-11-07T11:08:24","slug":"pizama-meska-bawelniana-ocieplane-7517","status":"publish","type":"product","link":"https:\/\/moonce.pl\/index.php\/produkt\/pizama-meska-bawelniana-ocieplane-7517\/","title":{"rendered":"pi\u017cama m\u0119ska bawe\u0142niana ocieplane 7517"},"content":{"rendered":"<h6>Wyprodukowano w turcji<br \/>\nOpakowanie 4 szt.<br \/>\nRozmiary: M-2XL<br \/>\nBawe\u0142na<\/h6>\n","protected":false},"excerpt":{"rendered":"<p>Wyprodukowano w turcji Opakowanie 4 szt. Rozmiary: M-2XL Bawe\u0142na<\/p>\n","protected":false},"featured_media":2330,"comment_status":"open","ping_status":"closed","template":"","meta":{"_kad_post_transparent":"default","_kad_post_title":"","_kad_post_layout":"default","_kad_post_sidebar_id":"","_kad_post_content_style":"default","_kad_post_vertical_padding":"default","_kad_post_feature":"","_kad_post_feature_position":"","_kad_post_header":false,"_kad_post_footer":false},"product_brand":[],"product_cat":[24],"product_tag":[],"class_list":{"0":"post-2329","1":"product","2":"type-product","3":"status-publish","4":"has-post-thumbnail","6":"product_cat-pizamy-meskie-dlugie-spodnie","8":"first","9":"instock","10":"taxable","11":"shipping-taxable","12":"purchasable","13":"product-type-simple","14":"entry","15":"content-bg","16":"loop-entry"},"_links":{"self":[{"href":"https:\/\/moonce.pl\/index.php\/wp-json\/wp\/v2\/product\/2329","targetHints":{"allow":["GET"]}}],"collection":[{"href":"https:\/\/moonce.pl\/index.php\/wp-json\/wp\/v2\/product"}],"about":[{"href":"https:\/\/moonce.pl\/index.php\/wp-json\/wp\/v2\/types\/product"}],"replies":[{"embeddable":true,"href":"https:\/\/moonce.pl\/index.php\/wp-json\/wp\/v2\/comments?post=2329"}],"wp:featuredmedia":[{"embeddable":true,"href":"https:\/\/moonce.pl\/index.php\/wp-json\/wp\/v2\/media\/2330"}],"wp:attachment":[{"href":"https:\/\/moonce.pl\/index.php\/wp-json\/wp\/v2\/media?parent=2329"}],"wp:term":[{"taxonomy":"product_brand","embeddable":true,"href":"https:\/\/moonce.pl\/index.php\/wp-json\/wp\/v2\/product_brand?post=2329"},{"taxonomy":"product_cat","embeddable":true,"href":"https:\/\/moonce.pl\/index.php\/wp-json\/wp\/v2\/product_cat?post=2329"},{"taxonomy":"product_tag","embeddable":true,"href":"https:\/\/moonce.pl\/index.php\/wp-json\/wp\/v2\/product_tag?post=2329"}],"curies":[{"name":"wp","href":"https:\/\/api.w.org\/{rel}","templated":true}]}}