{"id":2598,"date":"2026-04-22T08:06:48","date_gmt":"2026-04-22T08:06:48","guid":{"rendered":"https:\/\/moonce.pl\/?post_type=product&#038;p=2598"},"modified":"2026-04-22T08:07:50","modified_gmt":"2026-04-22T08:07:50","slug":"koszula-nocna-polyamide-c-2563","status":"publish","type":"product","link":"https:\/\/moonce.pl\/index.php\/produkt\/koszula-nocna-polyamide-c-2563\/","title":{"rendered":"Koszula Nocna Polyamide \u2013 C-2563"},"content":{"rendered":"<p>\u2714 Sk\u0142ad: 83% Poliamid, 17% Elastan<br \/>\n\u2714 Wz\u00f3r: G\u0142adki materia\u0142 w kolorze zgaszonego fioletu \/ liliowym<br \/>\n\u2714 Fason: D\u0142uga koszula nocna \/ Halka na cienkich rami\u0105czkach<br \/>\n\u2714 Wyko\u0144czenie: Dekolt w serek zdobiony szerok\u0105 koronk\u0105 i satynow\u0105 kokardk\u0105, g\u0142\u0119bokie rozci\u0119cie na boku wyko\u0144czone mere\u017ck\u0105<br \/>\n\u2714 Rozmiary: 2XL, 3XL, 4XL, 5XL<br \/>\n\u2714 Kraj produkcji: Turcja<br \/>\n\u2714 Numer modelu: C-2563<\/p>\n","protected":false},"excerpt":{"rendered":"<p>\u2714 Sk\u0142ad: 83% Poliamid, 17% Elastan \u2714 Wz\u00f3r: G\u0142adki materia\u0142 w kolorze zgaszonego fioletu \/ liliowym \u2714 Fason: D\u0142uga koszula nocna \/ Halka na cienkich rami\u0105czkach \u2714 Wyko\u0144czenie: Dekolt w serek zdobiony szerok\u0105 koronk\u0105 i satynow\u0105 kokardk\u0105, g\u0142\u0119bokie rozci\u0119cie na boku wyko\u0144czone mere\u017ck\u0105 \u2714 Rozmiary: 2XL, 3XL, 4XL, 5XL \u2714 Kraj produkcji: Turcja \u2714 Numer&#8230;<\/p>\n","protected":false},"featured_media":2599,"comment_status":"open","ping_status":"closed","template":"","meta":{"_kad_post_transparent":"default","_kad_post_title":"","_kad_post_layout":"default","_kad_post_sidebar_id":"","_kad_post_content_style":"default","_kad_post_vertical_padding":"default","_kad_post_feature":"","_kad_post_feature_position":"","_kad_post_header":false,"_kad_post_footer":false,"_kad_post_classname":""},"product_brand":[],"product_cat":[28],"product_tag":[],"class_list":{"0":"post-2598","1":"product","2":"type-product","3":"status-publish","4":"has-post-thumbnail","6":"product_cat-koszule-nocne-z-wiskozy","8":"first","9":"instock","10":"taxable","11":"shipping-taxable","12":"purchasable","13":"product-type-simple","14":"entry","15":"content-bg","16":"loop-entry"},"_links":{"self":[{"href":"https:\/\/moonce.pl\/index.php\/wp-json\/wp\/v2\/product\/2598","targetHints":{"allow":["GET"]}}],"collection":[{"href":"https:\/\/moonce.pl\/index.php\/wp-json\/wp\/v2\/product"}],"about":[{"href":"https:\/\/moonce.pl\/index.php\/wp-json\/wp\/v2\/types\/product"}],"replies":[{"embeddable":true,"href":"https:\/\/moonce.pl\/index.php\/wp-json\/wp\/v2\/comments?post=2598"}],"wp:featuredmedia":[{"embeddable":true,"href":"https:\/\/moonce.pl\/index.php\/wp-json\/wp\/v2\/media\/2599"}],"wp:attachment":[{"href":"https:\/\/moonce.pl\/index.php\/wp-json\/wp\/v2\/media?parent=2598"}],"wp:term":[{"taxonomy":"product_brand","embeddable":true,"href":"https:\/\/moonce.pl\/index.php\/wp-json\/wp\/v2\/product_brand?post=2598"},{"taxonomy":"product_cat","embeddable":true,"href":"https:\/\/moonce.pl\/index.php\/wp-json\/wp\/v2\/product_cat?post=2598"},{"taxonomy":"product_tag","embeddable":true,"href":"https:\/\/moonce.pl\/index.php\/wp-json\/wp\/v2\/product_tag?post=2598"}],"curies":[{"name":"wp","href":"https:\/\/api.w.org\/{rel}","templated":true}]}}