{"id":2602,"date":"2026-04-22T08:10:06","date_gmt":"2026-04-22T08:10:06","guid":{"rendered":"https:\/\/moonce.pl\/?post_type=product&#038;p=2602"},"modified":"2026-04-22T08:11:28","modified_gmt":"2026-04-22T08:11:28","slug":"koszula-nocna-z-wiskozy-d-2016","status":"publish","type":"product","link":"https:\/\/moonce.pl\/index.php\/produkt\/koszula-nocna-z-wiskozy-d-2016\/","title":{"rendered":"Koszula Nocna z wiskozy \u2013 D-2016"},"content":{"rendered":"<p>\u2714 Sk\u0142ad: 100% Wiskoza<br \/>\n\u2714 Wz\u00f3r: Etniczny wz\u00f3r Ikat \/ Ornamenty w kolorystyce czarno-be\u017cowej<br \/>\n\u2714 Fason: D\u0142uga sukienka letnia \/ Koszula nocna maxi na cienkich rami\u0105czkach<br \/>\n\u2714 Wyko\u0144czenie: Okr\u0105g\u0142y dekolt, lu\u017any kr\u00f3j, boczne rozci\u0119cie na dole dla wi\u0119kszej swobody ruch\u00f3w<br \/>\n\u2714 Rozmiary: M, L, XL<br \/>\n\u2714 Kraj produkcji: Turcja<br \/>\n\u2714 Numer modelu: D-2016<\/p>\n","protected":false},"excerpt":{"rendered":"<p>\u2714 Sk\u0142ad: 100% Wiskoza \u2714 Wz\u00f3r: Etniczny wz\u00f3r Ikat \/ Ornamenty w kolorystyce czarno-be\u017cowej \u2714 Fason: D\u0142uga sukienka letnia \/ Koszula nocna maxi na cienkich rami\u0105czkach \u2714 Wyko\u0144czenie: Okr\u0105g\u0142y dekolt, lu\u017any kr\u00f3j, boczne rozci\u0119cie na dole dla wi\u0119kszej swobody ruch\u00f3w \u2714 Rozmiary: M, L, XL \u2714 Kraj produkcji: Turcja \u2714 Numer modelu: D-2016<\/p>\n","protected":false},"featured_media":2603,"comment_status":"open","ping_status":"closed","template":"","meta":{"_kad_post_transparent":"default","_kad_post_title":"","_kad_post_layout":"default","_kad_post_sidebar_id":"","_kad_post_content_style":"default","_kad_post_vertical_padding":"default","_kad_post_feature":"","_kad_post_feature_position":"","_kad_post_header":false,"_kad_post_footer":false,"_kad_post_classname":""},"product_brand":[],"product_cat":[28],"product_tag":[],"class_list":{"0":"post-2602","1":"product","2":"type-product","3":"status-publish","4":"has-post-thumbnail","6":"product_cat-koszule-nocne-z-wiskozy","8":"first","9":"instock","10":"taxable","11":"shipping-taxable","12":"purchasable","13":"product-type-simple","14":"entry","15":"content-bg","16":"loop-entry"},"_links":{"self":[{"href":"https:\/\/moonce.pl\/index.php\/wp-json\/wp\/v2\/product\/2602","targetHints":{"allow":["GET"]}}],"collection":[{"href":"https:\/\/moonce.pl\/index.php\/wp-json\/wp\/v2\/product"}],"about":[{"href":"https:\/\/moonce.pl\/index.php\/wp-json\/wp\/v2\/types\/product"}],"replies":[{"embeddable":true,"href":"https:\/\/moonce.pl\/index.php\/wp-json\/wp\/v2\/comments?post=2602"}],"wp:featuredmedia":[{"embeddable":true,"href":"https:\/\/moonce.pl\/index.php\/wp-json\/wp\/v2\/media\/2603"}],"wp:attachment":[{"href":"https:\/\/moonce.pl\/index.php\/wp-json\/wp\/v2\/media?parent=2602"}],"wp:term":[{"taxonomy":"product_brand","embeddable":true,"href":"https:\/\/moonce.pl\/index.php\/wp-json\/wp\/v2\/product_brand?post=2602"},{"taxonomy":"product_cat","embeddable":true,"href":"https:\/\/moonce.pl\/index.php\/wp-json\/wp\/v2\/product_cat?post=2602"},{"taxonomy":"product_tag","embeddable":true,"href":"https:\/\/moonce.pl\/index.php\/wp-json\/wp\/v2\/product_tag?post=2602"}],"curies":[{"name":"wp","href":"https:\/\/api.w.org\/{rel}","templated":true}]}}