{"id":2608,"date":"2026-04-22T08:16:03","date_gmt":"2026-04-22T08:16:03","guid":{"rendered":"https:\/\/moonce.pl\/?post_type=product&#038;p=2608"},"modified":"2026-04-22T08:17:02","modified_gmt":"2026-04-22T08:17:02","slug":"koszula-nocna-z-wiskozy-25888","status":"publish","type":"product","link":"https:\/\/moonce.pl\/index.php\/produkt\/koszula-nocna-z-wiskozy-25888\/","title":{"rendered":"Koszula Nocna z wiskozy \u2013 25888"},"content":{"rendered":"<p>\u2714 Sk\u0142ad: 95% Wiskoza, 5% Lycra<br \/>\n\u2714 Wz\u00f3r: Orientalny wz\u00f3r Paisley \/ \u201e\u0141ezki\u201d w kolorystyce czarno-bia\u0142ej<br \/>\n\u2714 Fason: Koszulka nocna \/ Halka na cienkich rami\u0105czkach<br \/>\n\u2714 Wyko\u0144czenie: Dekolt w serek, d\u00f3\u0142 wyko\u0144czony ozdobn\u0105 falbank\u0105 (\u015bcieg typu mere\u017cka)<br \/>\n\u2714 Rozmiary: 2XL, 3XL, 4XL, 5XL<br \/>\n\u2714 Kraj produkcji: Turcja<br \/>\n\u2714 Numer modelu: 25888<\/p>\n","protected":false},"excerpt":{"rendered":"<p>\u2714 Sk\u0142ad: 95% Wiskoza, 5% Lycra \u2714 Wz\u00f3r: Orientalny wz\u00f3r Paisley \/ \u201e\u0141ezki\u201d w kolorystyce czarno-bia\u0142ej \u2714 Fason: Koszulka nocna \/ Halka na cienkich rami\u0105czkach \u2714 Wyko\u0144czenie: Dekolt w serek, d\u00f3\u0142 wyko\u0144czony ozdobn\u0105 falbank\u0105 (\u015bcieg typu mere\u017cka) \u2714 Rozmiary: 2XL, 3XL, 4XL, 5XL \u2714 Kraj produkcji: Turcja \u2714 Numer modelu: 25888<\/p>\n","protected":false},"featured_media":2609,"comment_status":"open","ping_status":"closed","template":"","meta":{"_kad_post_transparent":"default","_kad_post_title":"","_kad_post_layout":"default","_kad_post_sidebar_id":"","_kad_post_content_style":"default","_kad_post_vertical_padding":"default","_kad_post_feature":"","_kad_post_feature_position":"","_kad_post_header":false,"_kad_post_footer":false,"_kad_post_classname":""},"product_brand":[],"product_cat":[28],"product_tag":[],"class_list":{"0":"post-2608","1":"product","2":"type-product","3":"status-publish","4":"has-post-thumbnail","6":"product_cat-koszule-nocne-z-wiskozy","8":"first","9":"instock","10":"taxable","11":"shipping-taxable","12":"purchasable","13":"product-type-simple","14":"entry","15":"content-bg","16":"loop-entry"},"_links":{"self":[{"href":"https:\/\/moonce.pl\/index.php\/wp-json\/wp\/v2\/product\/2608","targetHints":{"allow":["GET"]}}],"collection":[{"href":"https:\/\/moonce.pl\/index.php\/wp-json\/wp\/v2\/product"}],"about":[{"href":"https:\/\/moonce.pl\/index.php\/wp-json\/wp\/v2\/types\/product"}],"replies":[{"embeddable":true,"href":"https:\/\/moonce.pl\/index.php\/wp-json\/wp\/v2\/comments?post=2608"}],"wp:featuredmedia":[{"embeddable":true,"href":"https:\/\/moonce.pl\/index.php\/wp-json\/wp\/v2\/media\/2609"}],"wp:attachment":[{"href":"https:\/\/moonce.pl\/index.php\/wp-json\/wp\/v2\/media?parent=2608"}],"wp:term":[{"taxonomy":"product_brand","embeddable":true,"href":"https:\/\/moonce.pl\/index.php\/wp-json\/wp\/v2\/product_brand?post=2608"},{"taxonomy":"product_cat","embeddable":true,"href":"https:\/\/moonce.pl\/index.php\/wp-json\/wp\/v2\/product_cat?post=2608"},{"taxonomy":"product_tag","embeddable":true,"href":"https:\/\/moonce.pl\/index.php\/wp-json\/wp\/v2\/product_tag?post=2608"}],"curies":[{"name":"wp","href":"https:\/\/api.w.org\/{rel}","templated":true}]}}