{"id":2615,"date":"2026-04-22T08:24:55","date_gmt":"2026-04-22T08:24:55","guid":{"rendered":"https:\/\/moonce.pl\/?post_type=product&#038;p=2615"},"modified":"2026-04-22T08:33:07","modified_gmt":"2026-04-22T08:33:07","slug":"koszula-nocna-z-wiskozy-86272","status":"publish","type":"product","link":"https:\/\/moonce.pl\/index.php\/produkt\/koszula-nocna-z-wiskozy-86272\/","title":{"rendered":"Koszula Nocna z wiskozy \u2013 86272"},"content":{"rendered":"<p>\u2714 Sk\u0142ad: 95% Wiskoza, 5% Lycra<br \/>\n\u2714 Wz\u00f3r: Klasyczna panterka \/ Motyw zwierz\u0119cy (Leopard Print)<br \/>\n\u2714 Fason: Komfortowa koszula nocna z kr\u00f3tkim r\u0119kawem, zapinana na guziki<br \/>\n\u2714 Wyko\u0144czenie: Dekolt w serek, eleganckie zapi\u0119cie na ca\u0142ej d\u0142ugo\u015bci (koszulowy kr\u00f3j), swobodny fason<br \/>\n\u2714 Rozmiary: 2XL, 3XL, 4XL, 5XL<br \/>\n\u2714 Kraj produkcji: Turcja<br \/>\n\u2714 Numer modelu: 86272<\/p>\n","protected":false},"excerpt":{"rendered":"<p>\u2714 Sk\u0142ad: 95% Wiskoza, 5% Lycra \u2714 Wz\u00f3r: Klasyczna panterka \/ Motyw zwierz\u0119cy (Leopard Print) \u2714 Fason: Komfortowa koszula nocna z kr\u00f3tkim r\u0119kawem, zapinana na guziki \u2714 Wyko\u0144czenie: Dekolt w serek, eleganckie zapi\u0119cie na ca\u0142ej d\u0142ugo\u015bci (koszulowy kr\u00f3j), swobodny fason \u2714 Rozmiary: 2XL, 3XL, 4XL, 5XL \u2714 Kraj produkcji: Turcja \u2714 Numer modelu: 86272<\/p>\n","protected":false},"featured_media":2616,"comment_status":"open","ping_status":"closed","template":"","meta":{"_kad_post_transparent":"default","_kad_post_title":"","_kad_post_layout":"default","_kad_post_sidebar_id":"","_kad_post_content_style":"default","_kad_post_vertical_padding":"default","_kad_post_feature":"","_kad_post_feature_position":"","_kad_post_header":false,"_kad_post_footer":false,"_kad_post_classname":""},"product_brand":[],"product_cat":[28],"product_tag":[],"class_list":{"0":"post-2615","1":"product","2":"type-product","3":"status-publish","4":"has-post-thumbnail","6":"product_cat-koszule-nocne-z-wiskozy","8":"first","9":"instock","10":"taxable","11":"shipping-taxable","12":"purchasable","13":"product-type-simple","14":"entry","15":"content-bg","16":"loop-entry"},"_links":{"self":[{"href":"https:\/\/moonce.pl\/index.php\/wp-json\/wp\/v2\/product\/2615","targetHints":{"allow":["GET"]}}],"collection":[{"href":"https:\/\/moonce.pl\/index.php\/wp-json\/wp\/v2\/product"}],"about":[{"href":"https:\/\/moonce.pl\/index.php\/wp-json\/wp\/v2\/types\/product"}],"replies":[{"embeddable":true,"href":"https:\/\/moonce.pl\/index.php\/wp-json\/wp\/v2\/comments?post=2615"}],"wp:featuredmedia":[{"embeddable":true,"href":"https:\/\/moonce.pl\/index.php\/wp-json\/wp\/v2\/media\/2616"}],"wp:attachment":[{"href":"https:\/\/moonce.pl\/index.php\/wp-json\/wp\/v2\/media?parent=2615"}],"wp:term":[{"taxonomy":"product_brand","embeddable":true,"href":"https:\/\/moonce.pl\/index.php\/wp-json\/wp\/v2\/product_brand?post=2615"},{"taxonomy":"product_cat","embeddable":true,"href":"https:\/\/moonce.pl\/index.php\/wp-json\/wp\/v2\/product_cat?post=2615"},{"taxonomy":"product_tag","embeddable":true,"href":"https:\/\/moonce.pl\/index.php\/wp-json\/wp\/v2\/product_tag?post=2615"}],"curies":[{"name":"wp","href":"https:\/\/api.w.org\/{rel}","templated":true}]}}