{"id":2617,"date":"2026-04-22T08:26:49","date_gmt":"2026-04-22T08:26:49","guid":{"rendered":"https:\/\/moonce.pl\/?post_type=product&#038;p=2617"},"modified":"2026-04-22T08:32:57","modified_gmt":"2026-04-22T08:32:57","slug":"koszula-nocna-z-wiskozy-86285","status":"publish","type":"product","link":"https:\/\/moonce.pl\/index.php\/produkt\/koszula-nocna-z-wiskozy-86285\/","title":{"rendered":"Koszula Nocna z wiskozy \u2013 86285"},"content":{"rendered":"<p>\u2714 Sk\u0142ad: 95% Wiskoza, 5% Lycra<br \/>\n\u2714 Wz\u00f3r: Jednolity kolor (ciemny szary \/ antracyt)<br \/>\n\u2714 Fason: Komfortowa koszula nocna z kr\u00f3tkim r\u0119kawem<br \/>\n\u2714 Wyko\u0144czenie: Dekolt w serek zdobiony szerok\u0105, eleganck\u0105 koronk\u0105, ozdobna kokardka na \u015brodku, delikatne marszczenie pod biustem<br \/>\n\u2714 Rozmiary: 2XL, 3XL, 4XL, 5XL<br \/>\n\u2714 Kraj produkcji: Turcja<br \/>\n\u2714 Numer modelu: 86285<\/p>\n","protected":false},"excerpt":{"rendered":"<p>\u2714 Sk\u0142ad: 95% Wiskoza, 5% Lycra \u2714 Wz\u00f3r: Jednolity kolor (ciemny szary \/ antracyt) \u2714 Fason: Komfortowa koszula nocna z kr\u00f3tkim r\u0119kawem \u2714 Wyko\u0144czenie: Dekolt w serek zdobiony szerok\u0105, eleganck\u0105 koronk\u0105, ozdobna kokardka na \u015brodku, delikatne marszczenie pod biustem \u2714 Rozmiary: 2XL, 3XL, 4XL, 5XL \u2714 Kraj produkcji: Turcja \u2714 Numer modelu: 86285<\/p>\n","protected":false},"featured_media":2618,"comment_status":"open","ping_status":"closed","template":"","meta":{"_kad_post_transparent":"default","_kad_post_title":"","_kad_post_layout":"default","_kad_post_sidebar_id":"","_kad_post_content_style":"default","_kad_post_vertical_padding":"default","_kad_post_feature":"","_kad_post_feature_position":"","_kad_post_header":false,"_kad_post_footer":false,"_kad_post_classname":""},"product_brand":[],"product_cat":[28],"product_tag":[],"class_list":{"0":"post-2617","1":"product","2":"type-product","3":"status-publish","4":"has-post-thumbnail","6":"product_cat-koszule-nocne-z-wiskozy","8":"first","9":"instock","10":"taxable","11":"shipping-taxable","12":"purchasable","13":"product-type-simple","14":"entry","15":"content-bg","16":"loop-entry"},"_links":{"self":[{"href":"https:\/\/moonce.pl\/index.php\/wp-json\/wp\/v2\/product\/2617","targetHints":{"allow":["GET"]}}],"collection":[{"href":"https:\/\/moonce.pl\/index.php\/wp-json\/wp\/v2\/product"}],"about":[{"href":"https:\/\/moonce.pl\/index.php\/wp-json\/wp\/v2\/types\/product"}],"replies":[{"embeddable":true,"href":"https:\/\/moonce.pl\/index.php\/wp-json\/wp\/v2\/comments?post=2617"}],"wp:featuredmedia":[{"embeddable":true,"href":"https:\/\/moonce.pl\/index.php\/wp-json\/wp\/v2\/media\/2618"}],"wp:attachment":[{"href":"https:\/\/moonce.pl\/index.php\/wp-json\/wp\/v2\/media?parent=2617"}],"wp:term":[{"taxonomy":"product_brand","embeddable":true,"href":"https:\/\/moonce.pl\/index.php\/wp-json\/wp\/v2\/product_brand?post=2617"},{"taxonomy":"product_cat","embeddable":true,"href":"https:\/\/moonce.pl\/index.php\/wp-json\/wp\/v2\/product_cat?post=2617"},{"taxonomy":"product_tag","embeddable":true,"href":"https:\/\/moonce.pl\/index.php\/wp-json\/wp\/v2\/product_tag?post=2617"}],"curies":[{"name":"wp","href":"https:\/\/api.w.org\/{rel}","templated":true}]}}