{"id":2621,"date":"2026-04-22T08:30:12","date_gmt":"2026-04-22T08:30:12","guid":{"rendered":"https:\/\/moonce.pl\/?post_type=product&#038;p=2621"},"modified":"2026-04-22T08:32:21","modified_gmt":"2026-04-22T08:32:21","slug":"koszula-nocna-z-polyamide-c-8434","status":"publish","type":"product","link":"https:\/\/moonce.pl\/index.php\/produkt\/koszula-nocna-z-polyamide-c-8434\/","title":{"rendered":"Koszula Nocna z Polyamide \u2013 C-8434"},"content":{"rendered":"<p>\u2714 Sk\u0142ad: 83% Poliamid, 17% Elastan<br \/>\n\u2714 Wz\u00f3r: Jednolity, g\u0142adki materia\u0142 w kolorze brudnego r\u00f3\u017cu \/ lila<br \/>\n\u2714 Fason: Elegancka koszula nocna \/ sukienka domowa z kr\u00f3tkim r\u0119kawem<br \/>\n\u2714 Wyko\u0144czenie: Dekolt oraz r\u0119kawy wykonane z bogato zdobionej, szerokiej koronki o kwiatowym motywie, d\u00f3\u0142 wyko\u0144czony pasuj\u0105c\u0105 koronkow\u0105 lam\u00f3wk\u0105<br \/>\n\u2714 Rozmiary: M, L, XL, 2XL<br \/>\n\u2714 Kraj produkcji: Turcja<br \/>\n\u2714 Numer modelu: C-8434<\/p>\n","protected":false},"excerpt":{"rendered":"<p>\u2714 Sk\u0142ad: 83% Poliamid, 17% Elastan \u2714 Wz\u00f3r: Jednolity, g\u0142adki materia\u0142 w kolorze brudnego r\u00f3\u017cu \/ lila \u2714 Fason: Elegancka koszula nocna \/ sukienka domowa z kr\u00f3tkim r\u0119kawem \u2714 Wyko\u0144czenie: Dekolt oraz r\u0119kawy wykonane z bogato zdobionej, szerokiej koronki o kwiatowym motywie, d\u00f3\u0142 wyko\u0144czony pasuj\u0105c\u0105 koronkow\u0105 lam\u00f3wk\u0105 \u2714 Rozmiary: M, L, XL, 2XL \u2714 Kraj&#8230;<\/p>\n","protected":false},"featured_media":2622,"comment_status":"open","ping_status":"closed","template":"","meta":{"_kad_post_transparent":"default","_kad_post_title":"","_kad_post_layout":"default","_kad_post_sidebar_id":"","_kad_post_content_style":"default","_kad_post_vertical_padding":"default","_kad_post_feature":"","_kad_post_feature_position":"","_kad_post_header":false,"_kad_post_footer":false,"_kad_post_classname":""},"product_brand":[],"product_cat":[28],"product_tag":[],"class_list":{"0":"post-2621","1":"product","2":"type-product","3":"status-publish","4":"has-post-thumbnail","6":"product_cat-koszule-nocne-z-wiskozy","8":"first","9":"instock","10":"taxable","11":"shipping-taxable","12":"purchasable","13":"product-type-simple","14":"entry","15":"content-bg","16":"loop-entry"},"_links":{"self":[{"href":"https:\/\/moonce.pl\/index.php\/wp-json\/wp\/v2\/product\/2621","targetHints":{"allow":["GET"]}}],"collection":[{"href":"https:\/\/moonce.pl\/index.php\/wp-json\/wp\/v2\/product"}],"about":[{"href":"https:\/\/moonce.pl\/index.php\/wp-json\/wp\/v2\/types\/product"}],"replies":[{"embeddable":true,"href":"https:\/\/moonce.pl\/index.php\/wp-json\/wp\/v2\/comments?post=2621"}],"wp:featuredmedia":[{"embeddable":true,"href":"https:\/\/moonce.pl\/index.php\/wp-json\/wp\/v2\/media\/2622"}],"wp:attachment":[{"href":"https:\/\/moonce.pl\/index.php\/wp-json\/wp\/v2\/media?parent=2621"}],"wp:term":[{"taxonomy":"product_brand","embeddable":true,"href":"https:\/\/moonce.pl\/index.php\/wp-json\/wp\/v2\/product_brand?post=2621"},{"taxonomy":"product_cat","embeddable":true,"href":"https:\/\/moonce.pl\/index.php\/wp-json\/wp\/v2\/product_cat?post=2621"},{"taxonomy":"product_tag","embeddable":true,"href":"https:\/\/moonce.pl\/index.php\/wp-json\/wp\/v2\/product_tag?post=2621"}],"curies":[{"name":"wp","href":"https:\/\/api.w.org\/{rel}","templated":true}]}}