{"id":2623,"date":"2026-04-22T08:33:58","date_gmt":"2026-04-22T08:33:58","guid":{"rendered":"https:\/\/moonce.pl\/?post_type=product&#038;p=2623"},"modified":"2026-04-22T08:35:25","modified_gmt":"2026-04-22T08:35:25","slug":"koszula-nocna-z-wiskozy-84211","status":"publish","type":"product","link":"https:\/\/moonce.pl\/index.php\/produkt\/koszula-nocna-z-wiskozy-84211\/","title":{"rendered":"Koszula Nocna z wiskozy \u2013 84211"},"content":{"rendered":"<p>\u2714 Sk\u0142ad: 80% Wiskoza, 20% Poliester<br \/>\n\u2714 Wz\u00f3r: Jednolity materia\u0142 w kolorze zgaszonego fioletu \/ wrzosowym<br \/>\n\u2714 Fason: Elegancka koszula nocna z kr\u00f3tkim r\u0119kawem, zapinana na guziki<br \/>\n\u2714 Wyko\u0144czenie: Okr\u0105g\u0142y dekolt, ozdobne koronkowe r\u0119kawki oraz wstawka z gipiury pod biustem z satynow\u0105 kokardk\u0105, d\u00f3\u0142 o swobodnym kroju<br \/>\n\u2714 Rozmiary: M, L, XL, 2XL<br \/>\n\u2714 Kraj produkcji: Turcja<br \/>\n\u2714 Numer modelu: 84211<\/p>\n","protected":false},"excerpt":{"rendered":"<p>\u2714 Sk\u0142ad: 80% Wiskoza, 20% Poliester \u2714 Wz\u00f3r: Jednolity materia\u0142 w kolorze zgaszonego fioletu \/ wrzosowym \u2714 Fason: Elegancka koszula nocna z kr\u00f3tkim r\u0119kawem, zapinana na guziki \u2714 Wyko\u0144czenie: Okr\u0105g\u0142y dekolt, ozdobne koronkowe r\u0119kawki oraz wstawka z gipiury pod biustem z satynow\u0105 kokardk\u0105, d\u00f3\u0142 o swobodnym kroju \u2714 Rozmiary: M, L, XL, 2XL \u2714 Kraj&#8230;<\/p>\n","protected":false},"featured_media":2624,"comment_status":"open","ping_status":"closed","template":"","meta":{"_kad_post_transparent":"default","_kad_post_title":"","_kad_post_layout":"default","_kad_post_sidebar_id":"","_kad_post_content_style":"default","_kad_post_vertical_padding":"default","_kad_post_feature":"","_kad_post_feature_position":"","_kad_post_header":false,"_kad_post_footer":false,"_kad_post_classname":""},"product_brand":[],"product_cat":[28],"product_tag":[],"class_list":{"0":"post-2623","1":"product","2":"type-product","3":"status-publish","4":"has-post-thumbnail","6":"product_cat-koszule-nocne-z-wiskozy","8":"first","9":"instock","10":"taxable","11":"shipping-taxable","12":"purchasable","13":"product-type-simple","14":"entry","15":"content-bg","16":"loop-entry"},"_links":{"self":[{"href":"https:\/\/moonce.pl\/index.php\/wp-json\/wp\/v2\/product\/2623","targetHints":{"allow":["GET"]}}],"collection":[{"href":"https:\/\/moonce.pl\/index.php\/wp-json\/wp\/v2\/product"}],"about":[{"href":"https:\/\/moonce.pl\/index.php\/wp-json\/wp\/v2\/types\/product"}],"replies":[{"embeddable":true,"href":"https:\/\/moonce.pl\/index.php\/wp-json\/wp\/v2\/comments?post=2623"}],"wp:featuredmedia":[{"embeddable":true,"href":"https:\/\/moonce.pl\/index.php\/wp-json\/wp\/v2\/media\/2624"}],"wp:attachment":[{"href":"https:\/\/moonce.pl\/index.php\/wp-json\/wp\/v2\/media?parent=2623"}],"wp:term":[{"taxonomy":"product_brand","embeddable":true,"href":"https:\/\/moonce.pl\/index.php\/wp-json\/wp\/v2\/product_brand?post=2623"},{"taxonomy":"product_cat","embeddable":true,"href":"https:\/\/moonce.pl\/index.php\/wp-json\/wp\/v2\/product_cat?post=2623"},{"taxonomy":"product_tag","embeddable":true,"href":"https:\/\/moonce.pl\/index.php\/wp-json\/wp\/v2\/product_tag?post=2623"}],"curies":[{"name":"wp","href":"https:\/\/api.w.org\/{rel}","templated":true}]}}