{"id":2641,"date":"2026-04-22T09:25:48","date_gmt":"2026-04-22T09:25:48","guid":{"rendered":"https:\/\/moonce.pl\/?post_type=product&#038;p=2641"},"modified":"2026-04-22T09:26:47","modified_gmt":"2026-04-22T09:26:47","slug":"pizama-damska-z-wiskozy-88660","status":"publish","type":"product","link":"https:\/\/moonce.pl\/index.php\/produkt\/pizama-damska-z-wiskozy-88660\/","title":{"rendered":"Pi\u017cama damska z wiskozy \u2013 88660"},"content":{"rendered":"<p>\u2714 Sk\u0142ad: 95% Wiskoza, 5% Lycra<br \/>\n\u2714 Wz\u00f3r: Dwucz\u0119\u015bciowy komplet \u2013 g\u00f3ra w klasyczn\u0105 panterk\u0119 (Leopard Print) oraz g\u0142adkie czarne spodenki<br \/>\n\u2714 Fason: Lekka pi\u017cama damska (koszulka na cienkich rami\u0105czkach + kr\u00f3tkie spodenki)<br \/>\n\u2714 Wyko\u0144czenie: Dekolt w serek, d\u00f3\u0142 koszulki oraz nogawki spodenek wyko\u0144czone ozdobn\u0105 falbank\u0105 (\u015bcieg typu mere\u017cka), swobodny i przewiewny kr\u00f3j<br \/>\n\u2714 Rozmiary: S, M, L, XL<br \/>\n\u2714 Kraj produkcji: Turcja<br \/>\n\u2714 Numer modelu: 88660<\/p>\n","protected":false},"excerpt":{"rendered":"<p>\u2714 Sk\u0142ad: 95% Wiskoza, 5% Lycra \u2714 Wz\u00f3r: Dwucz\u0119\u015bciowy komplet \u2013 g\u00f3ra w klasyczn\u0105 panterk\u0119 (Leopard Print) oraz g\u0142adkie czarne spodenki \u2714 Fason: Lekka pi\u017cama damska (koszulka na cienkich rami\u0105czkach + kr\u00f3tkie spodenki) \u2714 Wyko\u0144czenie: Dekolt w serek, d\u00f3\u0142 koszulki oraz nogawki spodenek wyko\u0144czone ozdobn\u0105 falbank\u0105 (\u015bcieg typu mere\u017cka), swobodny i przewiewny kr\u00f3j \u2714 Rozmiary:&#8230;<\/p>\n","protected":false},"featured_media":2642,"comment_status":"open","ping_status":"closed","template":"","meta":{"_kad_post_transparent":"default","_kad_post_title":"","_kad_post_layout":"default","_kad_post_sidebar_id":"","_kad_post_content_style":"default","_kad_post_vertical_padding":"default","_kad_post_feature":"","_kad_post_feature_position":"","_kad_post_header":false,"_kad_post_footer":false,"_kad_post_classname":""},"product_brand":[],"product_cat":[20],"product_tag":[],"class_list":{"0":"post-2641","1":"product","2":"type-product","3":"status-publish","4":"has-post-thumbnail","6":"product_cat-pizamy-damskie-spodnie-3-4","8":"first","9":"instock","10":"taxable","11":"shipping-taxable","12":"purchasable","13":"product-type-simple","14":"entry","15":"content-bg","16":"loop-entry"},"_links":{"self":[{"href":"https:\/\/moonce.pl\/index.php\/wp-json\/wp\/v2\/product\/2641","targetHints":{"allow":["GET"]}}],"collection":[{"href":"https:\/\/moonce.pl\/index.php\/wp-json\/wp\/v2\/product"}],"about":[{"href":"https:\/\/moonce.pl\/index.php\/wp-json\/wp\/v2\/types\/product"}],"replies":[{"embeddable":true,"href":"https:\/\/moonce.pl\/index.php\/wp-json\/wp\/v2\/comments?post=2641"}],"wp:featuredmedia":[{"embeddable":true,"href":"https:\/\/moonce.pl\/index.php\/wp-json\/wp\/v2\/media\/2642"}],"wp:attachment":[{"href":"https:\/\/moonce.pl\/index.php\/wp-json\/wp\/v2\/media?parent=2641"}],"wp:term":[{"taxonomy":"product_brand","embeddable":true,"href":"https:\/\/moonce.pl\/index.php\/wp-json\/wp\/v2\/product_brand?post=2641"},{"taxonomy":"product_cat","embeddable":true,"href":"https:\/\/moonce.pl\/index.php\/wp-json\/wp\/v2\/product_cat?post=2641"},{"taxonomy":"product_tag","embeddable":true,"href":"https:\/\/moonce.pl\/index.php\/wp-json\/wp\/v2\/product_tag?post=2641"}],"curies":[{"name":"wp","href":"https:\/\/api.w.org\/{rel}","templated":true}]}}