{"id":2645,"date":"2026-04-22T09:29:18","date_gmt":"2026-04-22T09:29:18","guid":{"rendered":"https:\/\/moonce.pl\/?post_type=product&#038;p=2645"},"modified":"2026-04-22T09:30:13","modified_gmt":"2026-04-22T09:30:13","slug":"pizama-damska-z-wiskozy-88665","status":"publish","type":"product","link":"https:\/\/moonce.pl\/index.php\/produkt\/pizama-damska-z-wiskozy-88665\/","title":{"rendered":"Pi\u017cama damska z wiskozy \u2013 88665"},"content":{"rendered":"<p>\u2714 Sk\u0142ad: 95% Wiskoza, 5% Lycra<br \/>\n\u2714 Wz\u00f3r: Ca\u0142o\u015b\u0107 w modny wz\u00f3r zwierz\u0119cy (panterka\/leopard) w odcieniach be\u017cu, br\u0105zu i czerni<br \/>\n\u2714 Fason: Dwucz\u0119\u015bciowa pi\u017cama damska (koszulka na cienkich rami\u0105czkach + kr\u00f3tkie spodenki)<br \/>\n\u2714 Wyko\u0144czenie: Dekolt w serek obszyty delikatn\u0105, jasn\u0105 koronk\u0105, d\u00f3\u0142 koszulki oraz nogawki spodenek wyko\u0144czone ozdobn\u0105 falbank\u0105 (\u015bcieg typu mere\u017cka), spodenki z satynow\u0105 wst\u0105\u017ck\u0105 do regulacji w pasie<br \/>\n\u2714 Rozmiary: S, M, L, XL<br \/>\n\u2714 Kraj produkcji: Turcja<br \/>\n\u2714 Numer modelu: 88665<\/p>\n","protected":false},"excerpt":{"rendered":"<p>\u2714 Sk\u0142ad: 95% Wiskoza, 5% Lycra \u2714 Wz\u00f3r: Ca\u0142o\u015b\u0107 w modny wz\u00f3r zwierz\u0119cy (panterka\/leopard) w odcieniach be\u017cu, br\u0105zu i czerni \u2714 Fason: Dwucz\u0119\u015bciowa pi\u017cama damska (koszulka na cienkich rami\u0105czkach + kr\u00f3tkie spodenki) \u2714 Wyko\u0144czenie: Dekolt w serek obszyty delikatn\u0105, jasn\u0105 koronk\u0105, d\u00f3\u0142 koszulki oraz nogawki spodenek wyko\u0144czone ozdobn\u0105 falbank\u0105 (\u015bcieg typu mere\u017cka), spodenki z satynow\u0105&#8230;<\/p>\n","protected":false},"featured_media":2646,"comment_status":"open","ping_status":"closed","template":"","meta":{"_kad_post_transparent":"default","_kad_post_title":"","_kad_post_layout":"default","_kad_post_sidebar_id":"","_kad_post_content_style":"default","_kad_post_vertical_padding":"default","_kad_post_feature":"","_kad_post_feature_position":"","_kad_post_header":false,"_kad_post_footer":false,"_kad_post_classname":""},"product_brand":[],"product_cat":[20],"product_tag":[],"class_list":{"0":"post-2645","1":"product","2":"type-product","3":"status-publish","4":"has-post-thumbnail","6":"product_cat-pizamy-damskie-spodnie-3-4","8":"first","9":"instock","10":"taxable","11":"shipping-taxable","12":"purchasable","13":"product-type-simple","14":"entry","15":"content-bg","16":"loop-entry"},"_links":{"self":[{"href":"https:\/\/moonce.pl\/index.php\/wp-json\/wp\/v2\/product\/2645","targetHints":{"allow":["GET"]}}],"collection":[{"href":"https:\/\/moonce.pl\/index.php\/wp-json\/wp\/v2\/product"}],"about":[{"href":"https:\/\/moonce.pl\/index.php\/wp-json\/wp\/v2\/types\/product"}],"replies":[{"embeddable":true,"href":"https:\/\/moonce.pl\/index.php\/wp-json\/wp\/v2\/comments?post=2645"}],"wp:featuredmedia":[{"embeddable":true,"href":"https:\/\/moonce.pl\/index.php\/wp-json\/wp\/v2\/media\/2646"}],"wp:attachment":[{"href":"https:\/\/moonce.pl\/index.php\/wp-json\/wp\/v2\/media?parent=2645"}],"wp:term":[{"taxonomy":"product_brand","embeddable":true,"href":"https:\/\/moonce.pl\/index.php\/wp-json\/wp\/v2\/product_brand?post=2645"},{"taxonomy":"product_cat","embeddable":true,"href":"https:\/\/moonce.pl\/index.php\/wp-json\/wp\/v2\/product_cat?post=2645"},{"taxonomy":"product_tag","embeddable":true,"href":"https:\/\/moonce.pl\/index.php\/wp-json\/wp\/v2\/product_tag?post=2645"}],"curies":[{"name":"wp","href":"https:\/\/api.w.org\/{rel}","templated":true}]}}