{"id":2655,"date":"2026-04-22T09:39:05","date_gmt":"2026-04-22T09:39:05","guid":{"rendered":"https:\/\/moonce.pl\/?post_type=product&#038;p=2655"},"modified":"2026-04-22T09:40:06","modified_gmt":"2026-04-22T09:40:06","slug":"pizama-damska-z-polyamide-c-9082","status":"publish","type":"product","link":"https:\/\/moonce.pl\/index.php\/produkt\/pizama-damska-z-polyamide-c-9082\/","title":{"rendered":"Pi\u017cama damska z Polyamide \u2013 C-9082"},"content":{"rendered":"<p>\u2714 Sk\u0142ad: 83% Poliamid, 17% Elastan<br \/>\n\u2714 Wz\u00f3r: Jednolity, g\u0142adki materia\u0142 z satynowym po\u0142yskiem w kolorze czarnym (Black)<br \/>\n\u2714 Fason: Elegancka, kr\u00f3tka koszulka nocna \/ halka na cienkich rami\u0105czkach<br \/>\n\u2714 Wyko\u0144czenie: G\u0142\u0119boki dekolt w serek zdobiony prze\u015bwituj\u0105c\u0105 koronk\u0105, koronkowa wstawka pod biustem podkre\u015blaj\u0105ca tali\u0119 oraz ozdobna kokardka z bi\u017cuteryjnym detalem na \u015brodku<br \/>\n\u2714 Rozmiary: 2XL, 3XL, 4XL, 5XL<br \/>\n\u2714 Kraj produkcji: Turcja<br \/>\n\u2714 Numer modelu: C-9082<\/p>\n","protected":false},"excerpt":{"rendered":"<p>\u2714 Sk\u0142ad: 83% Poliamid, 17% Elastan \u2714 Wz\u00f3r: Jednolity, g\u0142adki materia\u0142 z satynowym po\u0142yskiem w kolorze czarnym (Black) \u2714 Fason: Elegancka, kr\u00f3tka koszulka nocna \/ halka na cienkich rami\u0105czkach \u2714 Wyko\u0144czenie: G\u0142\u0119boki dekolt w serek zdobiony prze\u015bwituj\u0105c\u0105 koronk\u0105, koronkowa wstawka pod biustem podkre\u015blaj\u0105ca tali\u0119 oraz ozdobna kokardka z bi\u017cuteryjnym detalem na \u015brodku \u2714 Rozmiary: 2XL,&#8230;<\/p>\n","protected":false},"featured_media":2656,"comment_status":"open","ping_status":"closed","template":"","meta":{"_kad_post_transparent":"default","_kad_post_title":"","_kad_post_layout":"default","_kad_post_sidebar_id":"","_kad_post_content_style":"default","_kad_post_vertical_padding":"default","_kad_post_feature":"","_kad_post_feature_position":"","_kad_post_header":false,"_kad_post_footer":false,"_kad_post_classname":""},"product_brand":[],"product_cat":[20],"product_tag":[],"class_list":{"0":"post-2655","1":"product","2":"type-product","3":"status-publish","4":"has-post-thumbnail","6":"product_cat-pizamy-damskie-spodnie-3-4","8":"first","9":"instock","10":"taxable","11":"shipping-taxable","12":"purchasable","13":"product-type-simple","14":"entry","15":"content-bg","16":"loop-entry"},"_links":{"self":[{"href":"https:\/\/moonce.pl\/index.php\/wp-json\/wp\/v2\/product\/2655","targetHints":{"allow":["GET"]}}],"collection":[{"href":"https:\/\/moonce.pl\/index.php\/wp-json\/wp\/v2\/product"}],"about":[{"href":"https:\/\/moonce.pl\/index.php\/wp-json\/wp\/v2\/types\/product"}],"replies":[{"embeddable":true,"href":"https:\/\/moonce.pl\/index.php\/wp-json\/wp\/v2\/comments?post=2655"}],"wp:featuredmedia":[{"embeddable":true,"href":"https:\/\/moonce.pl\/index.php\/wp-json\/wp\/v2\/media\/2656"}],"wp:attachment":[{"href":"https:\/\/moonce.pl\/index.php\/wp-json\/wp\/v2\/media?parent=2655"}],"wp:term":[{"taxonomy":"product_brand","embeddable":true,"href":"https:\/\/moonce.pl\/index.php\/wp-json\/wp\/v2\/product_brand?post=2655"},{"taxonomy":"product_cat","embeddable":true,"href":"https:\/\/moonce.pl\/index.php\/wp-json\/wp\/v2\/product_cat?post=2655"},{"taxonomy":"product_tag","embeddable":true,"href":"https:\/\/moonce.pl\/index.php\/wp-json\/wp\/v2\/product_tag?post=2655"}],"curies":[{"name":"wp","href":"https:\/\/api.w.org\/{rel}","templated":true}]}}