{"id":2659,"date":"2026-04-22T09:42:51","date_gmt":"2026-04-22T09:42:51","guid":{"rendered":"https:\/\/moonce.pl\/?post_type=product&#038;p=2659"},"modified":"2026-04-22T09:43:37","modified_gmt":"2026-04-22T09:43:37","slug":"pizama-damska-z-polyamide-eva-9400","status":"publish","type":"product","link":"https:\/\/moonce.pl\/index.php\/produkt\/pizama-damska-z-polyamide-eva-9400\/","title":{"rendered":"Pi\u017cama damska z Polyamide \u2013 EVA-9400"},"content":{"rendered":"<p>\u2714 Sk\u0142ad: 83% Poliamid, 17% Elastan<br \/>\n\u2714 Wz\u00f3r: Jednolity, g\u0142adki materia\u0142 w kolorze g\u0142\u0119bokiej czerni (Black)<br \/>\n\u2714 Fason: Komfortowy, dwucz\u0119\u015bciowy komplet domowy \/ pi\u017cama (lu\u017ana koszulka z kr\u00f3tkim r\u0119kawem + szorty)<br \/>\n\u2714 Wyko\u0144czenie: Klasyczny okr\u0105g\u0142y dekolt, swobodny kr\u00f3j typu oversize z obni\u017con\u0105 lini\u0105 ramion, spodenki o prostej nogawce z praktycznymi kieszeniami i wygodn\u0105 gumk\u0105 w pasie; materia\u0142 o w\u0142a\u015bciwo\u015bciach antybakteryjnych<br \/>\n\u2714 Rozmiary: 2XL, 3XL, 4XL<br \/>\n\u2714 Kraj produkcji: Turcja<br \/>\n\u2714 Numer modelu: EVA-9400<\/p>\n","protected":false},"excerpt":{"rendered":"<p>\u2714 Sk\u0142ad: 83% Poliamid, 17% Elastan \u2714 Wz\u00f3r: Jednolity, g\u0142adki materia\u0142 w kolorze g\u0142\u0119bokiej czerni (Black) \u2714 Fason: Komfortowy, dwucz\u0119\u015bciowy komplet domowy \/ pi\u017cama (lu\u017ana koszulka z kr\u00f3tkim r\u0119kawem + szorty) \u2714 Wyko\u0144czenie: Klasyczny okr\u0105g\u0142y dekolt, swobodny kr\u00f3j typu oversize z obni\u017con\u0105 lini\u0105 ramion, spodenki o prostej nogawce z praktycznymi kieszeniami i wygodn\u0105 gumk\u0105 w&#8230;<\/p>\n","protected":false},"featured_media":2660,"comment_status":"open","ping_status":"closed","template":"","meta":{"_kad_post_transparent":"default","_kad_post_title":"","_kad_post_layout":"default","_kad_post_sidebar_id":"","_kad_post_content_style":"default","_kad_post_vertical_padding":"default","_kad_post_feature":"","_kad_post_feature_position":"","_kad_post_header":false,"_kad_post_footer":false,"_kad_post_classname":""},"product_brand":[],"product_cat":[20],"product_tag":[],"class_list":{"0":"post-2659","1":"product","2":"type-product","3":"status-publish","4":"has-post-thumbnail","6":"product_cat-pizamy-damskie-spodnie-3-4","8":"first","9":"instock","10":"taxable","11":"shipping-taxable","12":"purchasable","13":"product-type-simple","14":"entry","15":"content-bg","16":"loop-entry"},"_links":{"self":[{"href":"https:\/\/moonce.pl\/index.php\/wp-json\/wp\/v2\/product\/2659","targetHints":{"allow":["GET"]}}],"collection":[{"href":"https:\/\/moonce.pl\/index.php\/wp-json\/wp\/v2\/product"}],"about":[{"href":"https:\/\/moonce.pl\/index.php\/wp-json\/wp\/v2\/types\/product"}],"replies":[{"embeddable":true,"href":"https:\/\/moonce.pl\/index.php\/wp-json\/wp\/v2\/comments?post=2659"}],"wp:featuredmedia":[{"embeddable":true,"href":"https:\/\/moonce.pl\/index.php\/wp-json\/wp\/v2\/media\/2660"}],"wp:attachment":[{"href":"https:\/\/moonce.pl\/index.php\/wp-json\/wp\/v2\/media?parent=2659"}],"wp:term":[{"taxonomy":"product_brand","embeddable":true,"href":"https:\/\/moonce.pl\/index.php\/wp-json\/wp\/v2\/product_brand?post=2659"},{"taxonomy":"product_cat","embeddable":true,"href":"https:\/\/moonce.pl\/index.php\/wp-json\/wp\/v2\/product_cat?post=2659"},{"taxonomy":"product_tag","embeddable":true,"href":"https:\/\/moonce.pl\/index.php\/wp-json\/wp\/v2\/product_tag?post=2659"}],"curies":[{"name":"wp","href":"https:\/\/api.w.org\/{rel}","templated":true}]}}