{"id":2663,"date":"2026-04-22T09:46:32","date_gmt":"2026-04-22T09:46:32","guid":{"rendered":"https:\/\/moonce.pl\/?post_type=product&#038;p=2663"},"modified":"2026-04-22T09:47:22","modified_gmt":"2026-04-22T09:47:22","slug":"pizama-damska-z-modal-m-9401","status":"publish","type":"product","link":"https:\/\/moonce.pl\/index.php\/produkt\/pizama-damska-z-modal-m-9401\/","title":{"rendered":"Pi\u017cama damska z Modal\u2013 M-9401"},"content":{"rendered":"<p>\u2714 Sk\u0142ad: 50% Modal, 50% Bawe\u0142na (Cotton)<br \/>\n\u2714 Wz\u00f3r: Klasyczny wz\u00f3r panterki (Leopard Print) na be\u017cowym tle<br \/>\n\u2714 Fason: Komfortowa pi\u017cama damska zapinana na guziki (koszula z kr\u00f3tkim r\u0119kawem + szorty)<br \/>\n\u2714 Wyko\u0144czenie: Elegancki ko\u0142nierzyk z wyci\u0119ciem w serek, koszula w pe\u0142ni rozpinana, spodenki o swobodnym kroju z kieszeniami i gumk\u0105 w pasie; wykonana z mi\u0119kkiej, oddychaj\u0105cej mieszanki modalu i bawe\u0142ny<br \/>\n\u2714 Rozmiary: 2XL, 3XL, 4XL, 5XL<br \/>\n\u2714 Kraj produkcji: Turcja<br \/>\n\u2714 Numer modelu: M-9401<\/p>\n","protected":false},"excerpt":{"rendered":"<p>\u2714 Sk\u0142ad: 50% Modal, 50% Bawe\u0142na (Cotton) \u2714 Wz\u00f3r: Klasyczny wz\u00f3r panterki (Leopard Print) na be\u017cowym tle \u2714 Fason: Komfortowa pi\u017cama damska zapinana na guziki (koszula z kr\u00f3tkim r\u0119kawem + szorty) \u2714 Wyko\u0144czenie: Elegancki ko\u0142nierzyk z wyci\u0119ciem w serek, koszula w pe\u0142ni rozpinana, spodenki o swobodnym kroju z kieszeniami i gumk\u0105 w pasie; wykonana z&#8230;<\/p>\n","protected":false},"featured_media":2664,"comment_status":"open","ping_status":"closed","template":"","meta":{"_kad_post_transparent":"default","_kad_post_title":"","_kad_post_layout":"default","_kad_post_sidebar_id":"","_kad_post_content_style":"default","_kad_post_vertical_padding":"default","_kad_post_feature":"","_kad_post_feature_position":"","_kad_post_header":false,"_kad_post_footer":false,"_kad_post_classname":""},"product_brand":[],"product_cat":[20],"product_tag":[],"class_list":{"0":"post-2663","1":"product","2":"type-product","3":"status-publish","4":"has-post-thumbnail","6":"product_cat-pizamy-damskie-spodnie-3-4","8":"first","9":"instock","10":"taxable","11":"shipping-taxable","12":"purchasable","13":"product-type-simple","14":"entry","15":"content-bg","16":"loop-entry"},"_links":{"self":[{"href":"https:\/\/moonce.pl\/index.php\/wp-json\/wp\/v2\/product\/2663","targetHints":{"allow":["GET"]}}],"collection":[{"href":"https:\/\/moonce.pl\/index.php\/wp-json\/wp\/v2\/product"}],"about":[{"href":"https:\/\/moonce.pl\/index.php\/wp-json\/wp\/v2\/types\/product"}],"replies":[{"embeddable":true,"href":"https:\/\/moonce.pl\/index.php\/wp-json\/wp\/v2\/comments?post=2663"}],"wp:featuredmedia":[{"embeddable":true,"href":"https:\/\/moonce.pl\/index.php\/wp-json\/wp\/v2\/media\/2664"}],"wp:attachment":[{"href":"https:\/\/moonce.pl\/index.php\/wp-json\/wp\/v2\/media?parent=2663"}],"wp:term":[{"taxonomy":"product_brand","embeddable":true,"href":"https:\/\/moonce.pl\/index.php\/wp-json\/wp\/v2\/product_brand?post=2663"},{"taxonomy":"product_cat","embeddable":true,"href":"https:\/\/moonce.pl\/index.php\/wp-json\/wp\/v2\/product_cat?post=2663"},{"taxonomy":"product_tag","embeddable":true,"href":"https:\/\/moonce.pl\/index.php\/wp-json\/wp\/v2\/product_tag?post=2663"}],"curies":[{"name":"wp","href":"https:\/\/api.w.org\/{rel}","templated":true}]}}