{"id":2665,"date":"2026-04-22T09:47:41","date_gmt":"2026-04-22T09:47:41","guid":{"rendered":"https:\/\/moonce.pl\/?post_type=product&#038;p=2665"},"modified":"2026-04-22T09:49:58","modified_gmt":"2026-04-22T09:49:58","slug":"pizama-damska-s-9200","status":"publish","type":"product","link":"https:\/\/moonce.pl\/index.php\/produkt\/pizama-damska-s-9200\/","title":{"rendered":"Pi\u017cama damska S-9200"},"content":{"rendered":"<p>\u2714 Sk\u0142ad: 96% Poliester, 4% Lycra<br \/>\n\u2714 Wz\u00f3r: Wyrazisty, czarno-bia\u0142y wz\u00f3r zwierz\u0119cy na ca\u0142ej powierzchni<br \/>\n\u2714 Fason: Elegancka pi\u017cama koszulowa (rozpinana g\u00f3ra z kr\u00f3tkim r\u0119kawem + szorty)<br \/>\n\u2714 Wyko\u0144czenie: Klasyczny ko\u0142nierzyk z wyci\u0119ciem w serek, g\u00f3ra zapinana na guziki, prosty i elegancki kr\u00f3j<br \/>\n\u2714 Rozmiary: M, L, XL<br \/>\n\u2714 Kraj produkcji: Turcja<br \/>\n\u2714 Numer modelu: S-9200<\/p>\n","protected":false},"excerpt":{"rendered":"<p>\u2714 Sk\u0142ad: 96% Poliester, 4% Lycra \u2714 Wz\u00f3r: Wyrazisty, czarno-bia\u0142y wz\u00f3r zwierz\u0119cy na ca\u0142ej powierzchni \u2714 Fason: Elegancka pi\u017cama koszulowa (rozpinana g\u00f3ra z kr\u00f3tkim r\u0119kawem + szorty) \u2714 Wyko\u0144czenie: Klasyczny ko\u0142nierzyk z wyci\u0119ciem w serek, g\u00f3ra zapinana na guziki, prosty i elegancki kr\u00f3j \u2714 Rozmiary: M, L, XL \u2714 Kraj produkcji: Turcja \u2714 Numer modelu:&#8230;<\/p>\n","protected":false},"featured_media":2666,"comment_status":"open","ping_status":"closed","template":"","meta":{"_kad_post_transparent":"default","_kad_post_title":"","_kad_post_layout":"default","_kad_post_sidebar_id":"","_kad_post_content_style":"default","_kad_post_vertical_padding":"default","_kad_post_feature":"","_kad_post_feature_position":"","_kad_post_header":false,"_kad_post_footer":false,"_kad_post_classname":""},"product_brand":[],"product_cat":[20],"product_tag":[],"class_list":{"0":"post-2665","1":"product","2":"type-product","3":"status-publish","4":"has-post-thumbnail","6":"product_cat-pizamy-damskie-spodnie-3-4","8":"first","9":"instock","10":"taxable","11":"shipping-taxable","12":"purchasable","13":"product-type-simple","14":"entry","15":"content-bg","16":"loop-entry"},"_links":{"self":[{"href":"https:\/\/moonce.pl\/index.php\/wp-json\/wp\/v2\/product\/2665","targetHints":{"allow":["GET"]}}],"collection":[{"href":"https:\/\/moonce.pl\/index.php\/wp-json\/wp\/v2\/product"}],"about":[{"href":"https:\/\/moonce.pl\/index.php\/wp-json\/wp\/v2\/types\/product"}],"replies":[{"embeddable":true,"href":"https:\/\/moonce.pl\/index.php\/wp-json\/wp\/v2\/comments?post=2665"}],"wp:featuredmedia":[{"embeddable":true,"href":"https:\/\/moonce.pl\/index.php\/wp-json\/wp\/v2\/media\/2666"}],"wp:attachment":[{"href":"https:\/\/moonce.pl\/index.php\/wp-json\/wp\/v2\/media?parent=2665"}],"wp:term":[{"taxonomy":"product_brand","embeddable":true,"href":"https:\/\/moonce.pl\/index.php\/wp-json\/wp\/v2\/product_brand?post=2665"},{"taxonomy":"product_cat","embeddable":true,"href":"https:\/\/moonce.pl\/index.php\/wp-json\/wp\/v2\/product_cat?post=2665"},{"taxonomy":"product_tag","embeddable":true,"href":"https:\/\/moonce.pl\/index.php\/wp-json\/wp\/v2\/product_tag?post=2665"}],"curies":[{"name":"wp","href":"https:\/\/api.w.org\/{rel}","templated":true}]}}