{"id":2667,"date":"2026-04-22T09:50:28","date_gmt":"2026-04-22T09:50:28","guid":{"rendered":"https:\/\/moonce.pl\/?post_type=product&#038;p=2667"},"modified":"2026-04-22T09:51:14","modified_gmt":"2026-04-22T09:51:14","slug":"pizama-damska-s-9201","status":"publish","type":"product","link":"https:\/\/moonce.pl\/index.php\/produkt\/pizama-damska-s-9201\/","title":{"rendered":"Pi\u017cama damska S-9201"},"content":{"rendered":"<p>\u2714 Sk\u0142ad: 96% Poliester, 4% Lycra<br \/>\n\u2714 Wz\u00f3r: Ca\u0142o\u015b\u0107 w elegancki, czarno-be\u017cowy wz\u00f3r przypominaj\u0105cy poci\u0105gni\u0119cia p\u0119dzlem \/ c\u0119tki<br \/>\n\u2714 Fason: Dwucz\u0119\u015bciowa pi\u017cama koszulowa (rozpinana g\u00f3ra z kr\u00f3tkim r\u0119kawem + szorty)<br \/>\n\u2714 Wyko\u0144czenie: Klasyczny ko\u0142nierzyk z czarn\u0105 lam\u00f3wk\u0105 (wypustk\u0105), g\u00f3ra w pe\u0142ni zapinana na guziki, mankiety r\u0119kaw\u00f3w r\u00f3wnie\u017c wyko\u0144czone kontrastuj\u0105c\u0105 lam\u00f3wk\u0105; materia\u0142 o satynowym chwycie<br \/>\n\u2714 Rozmiary: M, L, XL<br \/>\n\u2714 Kraj produkcji: Turcja<br \/>\n\u2714 Numer modelu: S-9201<\/p>\n","protected":false},"excerpt":{"rendered":"<p>\u2714 Sk\u0142ad: 96% Poliester, 4% Lycra \u2714 Wz\u00f3r: Ca\u0142o\u015b\u0107 w elegancki, czarno-be\u017cowy wz\u00f3r przypominaj\u0105cy poci\u0105gni\u0119cia p\u0119dzlem \/ c\u0119tki \u2714 Fason: Dwucz\u0119\u015bciowa pi\u017cama koszulowa (rozpinana g\u00f3ra z kr\u00f3tkim r\u0119kawem + szorty) \u2714 Wyko\u0144czenie: Klasyczny ko\u0142nierzyk z czarn\u0105 lam\u00f3wk\u0105 (wypustk\u0105), g\u00f3ra w pe\u0142ni zapinana na guziki, mankiety r\u0119kaw\u00f3w r\u00f3wnie\u017c wyko\u0144czone kontrastuj\u0105c\u0105 lam\u00f3wk\u0105; materia\u0142 o satynowym chwycie \u2714&#8230;<\/p>\n","protected":false},"featured_media":2668,"comment_status":"open","ping_status":"closed","template":"","meta":{"_kad_post_transparent":"default","_kad_post_title":"","_kad_post_layout":"default","_kad_post_sidebar_id":"","_kad_post_content_style":"default","_kad_post_vertical_padding":"default","_kad_post_feature":"","_kad_post_feature_position":"","_kad_post_header":false,"_kad_post_footer":false,"_kad_post_classname":""},"product_brand":[],"product_cat":[20],"product_tag":[],"class_list":{"0":"post-2667","1":"product","2":"type-product","3":"status-publish","4":"has-post-thumbnail","6":"product_cat-pizamy-damskie-spodnie-3-4","8":"first","9":"instock","10":"taxable","11":"shipping-taxable","12":"purchasable","13":"product-type-simple","14":"entry","15":"content-bg","16":"loop-entry"},"_links":{"self":[{"href":"https:\/\/moonce.pl\/index.php\/wp-json\/wp\/v2\/product\/2667","targetHints":{"allow":["GET"]}}],"collection":[{"href":"https:\/\/moonce.pl\/index.php\/wp-json\/wp\/v2\/product"}],"about":[{"href":"https:\/\/moonce.pl\/index.php\/wp-json\/wp\/v2\/types\/product"}],"replies":[{"embeddable":true,"href":"https:\/\/moonce.pl\/index.php\/wp-json\/wp\/v2\/comments?post=2667"}],"wp:featuredmedia":[{"embeddable":true,"href":"https:\/\/moonce.pl\/index.php\/wp-json\/wp\/v2\/media\/2668"}],"wp:attachment":[{"href":"https:\/\/moonce.pl\/index.php\/wp-json\/wp\/v2\/media?parent=2667"}],"wp:term":[{"taxonomy":"product_brand","embeddable":true,"href":"https:\/\/moonce.pl\/index.php\/wp-json\/wp\/v2\/product_brand?post=2667"},{"taxonomy":"product_cat","embeddable":true,"href":"https:\/\/moonce.pl\/index.php\/wp-json\/wp\/v2\/product_cat?post=2667"},{"taxonomy":"product_tag","embeddable":true,"href":"https:\/\/moonce.pl\/index.php\/wp-json\/wp\/v2\/product_tag?post=2667"}],"curies":[{"name":"wp","href":"https:\/\/api.w.org\/{rel}","templated":true}]}}