{"id":2671,"date":"2026-04-22T09:52:35","date_gmt":"2026-04-22T09:52:35","guid":{"rendered":"https:\/\/moonce.pl\/?post_type=product&#038;p=2671"},"modified":"2026-04-22T09:54:23","modified_gmt":"2026-04-22T09:54:23","slug":"komplet-koszula-z-szlafrokiem-53428","status":"publish","type":"product","link":"https:\/\/moonce.pl\/index.php\/produkt\/komplet-koszula-z-szlafrokiem-53428\/","title":{"rendered":"Komplet Koszula z szlafrokiem 53428"},"content":{"rendered":"<p>\u2714 Sk\u0142ad: 95% Wiskoza, 5% Lycra<br \/>\n\u2714 Wz\u00f3r: Elegancki zestaw 2-cz\u0119\u015bciowy \u2013 jednolita czarna koszulka nocna oraz szlafrok w klasyczny wz\u00f3r panterki (Leopard Print)<br \/>\n\u2714 Fason: Komplet bielizny nocnej (koszulka na cienkich rami\u0105czkach + szlafrok z r\u0119kawem 3\/4)<br \/>\n\u2714 Wyko\u0144czenie: Koszulka z dekoltem w serek wyko\u0144czonym delikatn\u0105 koronk\u0105; szlafrok o kroju kimono, wi\u0105zany w pasie, z czarnymi lam\u00f3wkami przy brzegach i r\u0119kawach<br \/>\n\u2714 Rozmiary: M, L, XL<br \/>\n\u2714 Kraj produkcji: Turcja<br \/>\n\u2714 Numer modelu: 53428<\/p>\n","protected":false},"excerpt":{"rendered":"<p>\u2714 Sk\u0142ad: 95% Wiskoza, 5% Lycra \u2714 Wz\u00f3r: Elegancki zestaw 2-cz\u0119\u015bciowy \u2013 jednolita czarna koszulka nocna oraz szlafrok w klasyczny wz\u00f3r panterki (Leopard Print) \u2714 Fason: Komplet bielizny nocnej (koszulka na cienkich rami\u0105czkach + szlafrok z r\u0119kawem 3\/4) \u2714 Wyko\u0144czenie: Koszulka z dekoltem w serek wyko\u0144czonym delikatn\u0105 koronk\u0105; szlafrok o kroju kimono, wi\u0105zany w pasie,&#8230;<\/p>\n","protected":false},"featured_media":2672,"comment_status":"open","ping_status":"closed","template":"","meta":{"_kad_post_transparent":"default","_kad_post_title":"","_kad_post_layout":"default","_kad_post_sidebar_id":"","_kad_post_content_style":"default","_kad_post_vertical_padding":"default","_kad_post_feature":"","_kad_post_feature_position":"","_kad_post_header":false,"_kad_post_footer":false,"_kad_post_classname":""},"product_brand":[],"product_cat":[75],"product_tag":[],"class_list":{"0":"post-2671","1":"product","2":"type-product","3":"status-publish","4":"has-post-thumbnail","6":"product_cat-zestawy-2-czesciowy","8":"first","9":"instock","10":"taxable","11":"shipping-taxable","12":"purchasable","13":"product-type-simple","14":"entry","15":"content-bg","16":"loop-entry"},"_links":{"self":[{"href":"https:\/\/moonce.pl\/index.php\/wp-json\/wp\/v2\/product\/2671","targetHints":{"allow":["GET"]}}],"collection":[{"href":"https:\/\/moonce.pl\/index.php\/wp-json\/wp\/v2\/product"}],"about":[{"href":"https:\/\/moonce.pl\/index.php\/wp-json\/wp\/v2\/types\/product"}],"replies":[{"embeddable":true,"href":"https:\/\/moonce.pl\/index.php\/wp-json\/wp\/v2\/comments?post=2671"}],"wp:featuredmedia":[{"embeddable":true,"href":"https:\/\/moonce.pl\/index.php\/wp-json\/wp\/v2\/media\/2672"}],"wp:attachment":[{"href":"https:\/\/moonce.pl\/index.php\/wp-json\/wp\/v2\/media?parent=2671"}],"wp:term":[{"taxonomy":"product_brand","embeddable":true,"href":"https:\/\/moonce.pl\/index.php\/wp-json\/wp\/v2\/product_brand?post=2671"},{"taxonomy":"product_cat","embeddable":true,"href":"https:\/\/moonce.pl\/index.php\/wp-json\/wp\/v2\/product_cat?post=2671"},{"taxonomy":"product_tag","embeddable":true,"href":"https:\/\/moonce.pl\/index.php\/wp-json\/wp\/v2\/product_tag?post=2671"}],"curies":[{"name":"wp","href":"https:\/\/api.w.org\/{rel}","templated":true}]}}