{"id":810,"date":"2025-02-18T20:39:37","date_gmt":"2025-02-18T20:39:37","guid":{"rendered":"https:\/?post_type=product&#038;p=810"},"modified":"2025-02-18T20:39:37","modified_gmt":"2025-02-18T20:39:37","slug":"moonce-78009-pizama-z-wiskozy","status":"publish","type":"product","link":"https:\/\/moonce.pl\/index.php\/produkt\/moonce-78009-pizama-z-wiskozy\/","title":{"rendered":"Moonce 78009 pi\u017cama z wiskozy"},"content":{"rendered":"<h6 data-pm-slice=\"1 1 []\">Stylowa i komfortowa kolekcja prosto z Turcji!<br \/>\n\u2728 W opakowaniu znajduj\u0105 si\u0119 4 sztuki w jednym, eleganckim kolorze, idealnym na ka\u017cd\u0105 okazj\u0119.<br \/>\n\ud83d\udc57 Materia\u0142: 95% wiskoza, 5% elastan \u2014 mi\u0119kki, oddychaj\u0105cy i przyjemny w dotyku, zapewniaj\u0105cy doskona\u0142y komfort noszenia.<br \/>\n\ud83d\udc5a Dost\u0119pne rozmiary: S, M, L, XL \u2014 dopasowane do r\u00f3\u017cnych sylwetek.<br \/>\n\ud83c\udf1f Kolor: Dok\u0142adnie taki, jak na zdj\u0119ciu \u2014 ponadczasowy i uniwersalny!<br \/>\nWybierz jako\u015b\u0107 i wygod\u0119, kt\u00f3ra podkre\u015bli Tw\u00f3j styl!<\/h6>\n<h6><\/h6>\n","protected":false},"excerpt":{"rendered":"<p>Stylowa i komfortowa kolekcja prosto z Turcji! \u2728 W opakowaniu znajduj\u0105 si\u0119 4 sztuki w jednym, eleganckim kolorze, idealnym na ka\u017cd\u0105 okazj\u0119. \ud83d\udc57 Materia\u0142: 95% wiskoza, 5% elastan \u2014 mi\u0119kki, oddychaj\u0105cy i przyjemny w dotyku, zapewniaj\u0105cy doskona\u0142y komfort noszenia. \ud83d\udc5a Dost\u0119pne rozmiary: S, M, L, XL \u2014 dopasowane do r\u00f3\u017cnych sylwetek. \ud83c\udf1f Kolor: Dok\u0142adnie taki,&#8230;<\/p>\n","protected":false},"featured_media":811,"comment_status":"open","ping_status":"closed","template":"","meta":{"_kad_post_transparent":"default","_kad_post_title":"","_kad_post_layout":"default","_kad_post_sidebar_id":"","_kad_post_content_style":"default","_kad_post_vertical_padding":"default","_kad_post_feature":"","_kad_post_feature_position":"","_kad_post_header":false,"_kad_post_footer":false},"product_brand":[],"product_cat":[20],"product_tag":[],"class_list":{"0":"post-810","1":"product","2":"type-product","3":"status-publish","4":"has-post-thumbnail","6":"product_cat-pizamy-damskie-spodnie-3-4","8":"first","9":"instock","10":"sale","11":"taxable","12":"shipping-taxable","13":"purchasable","14":"product-type-simple","15":"entry","16":"content-bg","17":"loop-entry"},"_links":{"self":[{"href":"https:\/\/moonce.pl\/index.php\/wp-json\/wp\/v2\/product\/810","targetHints":{"allow":["GET"]}}],"collection":[{"href":"https:\/\/moonce.pl\/index.php\/wp-json\/wp\/v2\/product"}],"about":[{"href":"https:\/\/moonce.pl\/index.php\/wp-json\/wp\/v2\/types\/product"}],"replies":[{"embeddable":true,"href":"https:\/\/moonce.pl\/index.php\/wp-json\/wp\/v2\/comments?post=810"}],"wp:featuredmedia":[{"embeddable":true,"href":"https:\/\/moonce.pl\/index.php\/wp-json\/wp\/v2\/media\/811"}],"wp:attachment":[{"href":"https:\/\/moonce.pl\/index.php\/wp-json\/wp\/v2\/media?parent=810"}],"wp:term":[{"taxonomy":"product_brand","embeddable":true,"href":"https:\/\/moonce.pl\/index.php\/wp-json\/wp\/v2\/product_brand?post=810"},{"taxonomy":"product_cat","embeddable":true,"href":"https:\/\/moonce.pl\/index.php\/wp-json\/wp\/v2\/product_cat?post=810"},{"taxonomy":"product_tag","embeddable":true,"href":"https:\/\/moonce.pl\/index.php\/wp-json\/wp\/v2\/product_tag?post=810"}],"curies":[{"name":"wp","href":"https:\/\/api.w.org\/{rel}","templated":true}]}}