{"id":996,"date":"2025-02-20T13:35:17","date_gmt":"2025-02-20T13:35:17","guid":{"rendered":"https:\/?post_type=product&#038;p=996"},"modified":"2025-02-20T13:36:51","modified_gmt":"2025-02-20T13:36:51","slug":"moonce-mmk010-pizama-dlugi-rekaw","status":"publish","type":"product","link":"https:\/\/moonce.pl\/index.php\/produkt\/moonce-mmk010-pizama-dlugi-rekaw\/","title":{"rendered":"Moonce MMK010 Pi\u017cama D\u0142ugi R\u0119kaw"},"content":{"rendered":"<h6>Wyprodukowano w turcji<br \/>\nOpakowanie 4 szt. mix rozmiar<br \/>\nMix kolory<br \/>\nMataria\u0142:100% Bawe\u0142na<br \/>\nRozmiary: 1XL 2XL 3XL 4XL<\/h6>\n","protected":false},"excerpt":{"rendered":"<p>Wyprodukowano w turcji Opakowanie 4 szt. mix rozmiar Mix kolory Mataria\u0142:100% Bawe\u0142na Rozmiary: 1XL 2XL 3XL 4XL<\/p>\n","protected":false},"featured_media":997,"comment_status":"open","ping_status":"closed","template":"","meta":{"_kad_post_transparent":"default","_kad_post_title":"","_kad_post_layout":"default","_kad_post_sidebar_id":"","_kad_post_content_style":"default","_kad_post_vertical_padding":"default","_kad_post_feature":"","_kad_post_feature_position":"","_kad_post_header":false,"_kad_post_footer":false},"product_brand":[],"product_cat":[19],"product_tag":[],"class_list":{"0":"post-996","1":"product","2":"type-product","3":"status-publish","4":"has-post-thumbnail","6":"product_cat-pizamy-damskie-dlugie","8":"first","9":"instock","10":"sale","11":"taxable","12":"shipping-taxable","13":"purchasable","14":"product-type-simple","15":"entry","16":"content-bg","17":"loop-entry"},"_links":{"self":[{"href":"https:\/\/moonce.pl\/index.php\/wp-json\/wp\/v2\/product\/996","targetHints":{"allow":["GET"]}}],"collection":[{"href":"https:\/\/moonce.pl\/index.php\/wp-json\/wp\/v2\/product"}],"about":[{"href":"https:\/\/moonce.pl\/index.php\/wp-json\/wp\/v2\/types\/product"}],"replies":[{"embeddable":true,"href":"https:\/\/moonce.pl\/index.php\/wp-json\/wp\/v2\/comments?post=996"}],"wp:featuredmedia":[{"embeddable":true,"href":"https:\/\/moonce.pl\/index.php\/wp-json\/wp\/v2\/media\/997"}],"wp:attachment":[{"href":"https:\/\/moonce.pl\/index.php\/wp-json\/wp\/v2\/media?parent=996"}],"wp:term":[{"taxonomy":"product_brand","embeddable":true,"href":"https:\/\/moonce.pl\/index.php\/wp-json\/wp\/v2\/product_brand?post=996"},{"taxonomy":"product_cat","embeddable":true,"href":"https:\/\/moonce.pl\/index.php\/wp-json\/wp\/v2\/product_cat?post=996"},{"taxonomy":"product_tag","embeddable":true,"href":"https:\/\/moonce.pl\/index.php\/wp-json\/wp\/v2\/product_tag?post=996"}],"curies":[{"name":"wp","href":"https:\/\/api.w.org\/{rel}","templated":true}]}}